{"id":90,"date":"2012-07-07T09:04:28","date_gmt":"2012-07-07T09:04:28","guid":{"rendered":"http:\/\/test.ffwschwebheim.de\/?page_id=90"},"modified":"2012-11-25T19:37:08","modified_gmt":"2012-11-25T19:37:08","slug":"verein","status":"publish","type":"page","link":"https:\/\/www.ffwschwebheim.de\/?page_id=90","title":{"rendered":"Feuerwehrverein"},"content":{"rendered":"<p><strong>Gr\u00fcndung<\/strong><\/p>\n<p>14. Januar 1984<\/p>\n<p>Durch die Neuregelung des bayerischen Feuerwehrrechtes 1981 wurde es notwendig eine klare Trennung zwischen den hoheitlichen Aufgaben der Feuerwehr (Retten, L\u00f6schen, Sch\u00fctzen, Bergen) und den privatrechtlichen Aktivit\u00e4ten (Veranstaltungen, Werben von Einsatzkr\u00e4ften) zu vollziehen. Durch die Annahme der Satzung in der Jahreshauptversammlung am 14. Januar 1984 wurde daher der Feuerwehrverein Schwebheim geg\u00fcndet.<\/p>\n<p>&nbsp;<\/p>\n<p><strong>Aufgaben<\/strong><\/p>\n<p>Zweck des Feuerwehrvereins ist die Unterst\u00fctzung der Freiwilligen Feuerwehr Schwebheim insbesondere durch die Werbung und das Stellen von Einsatzkr\u00e4ften.<\/p>\n<p>(\u00a72 Absatz 1 der Satzung)<\/p>\n<p>&nbsp;<\/p>\n<p><strong>Mitgliedschaft<\/strong><\/p>\n<p>Mitglied im Feuerwehrverein kann jede Person werden, die das 14.Lebensjahr vollendet hat. Der Mitgliedsbeitrag bel\u00e4uft sich auf 5,-\u20ac je Jahr f\u00fcr aktive Mitglieder (solche, die auch in der Feuerwehr aktiv t\u00e4tig sind) und auf 15,-\u20ac je Jahr f\u00fcr f\u00f6rdernde Mitglieder.<\/p>\n<p>Wenn auch Sie Mitglied im Feuerwehrverein werden wollen, so f\u00fcllen Sie die <a title=\"Beitrittserkl\u00e4rung\" href=\"http:\/\/www.ffwschwebheim.de\/files\/Beitrittserklaerung.pdf\" target=\"_blank\">Beitrittserkl\u00e4rung<\/a> aus und geben diese bei Kommandant, Vorstand oder bei der Gemeinde ab.<\/p>\n","protected":false},"excerpt":{"rendered":"<p>Gr\u00fcndung 14. Januar 1984 Durch die Neuregelung des bayerischen Feuerwehrrechtes 1981 wurde es notwendig eine klare Trennung zwischen den hoheitlichen Aufgaben der Feuerwehr (Retten, L\u00f6schen, Sch\u00fctzen, Bergen) und den privatrechtlichen Aktivit\u00e4ten (Veranstaltungen, Werben von Einsatzkr\u00e4ften) zu vollziehen. Durch die Annahme &hellip; <a href=\"https:\/\/www.ffwschwebheim.de\/?page_id=90\">Weiterlesen <span class=\"meta-nav\">&rarr;<\/span><\/a><\/p>\n","protected":false},"author":1,"featured_media":0,"parent":0,"menu_order":70,"comment_status":"closed","ping_status":"open","template":"","meta":[],"_links":{"self":[{"href":"https:\/\/www.ffwschwebheim.de\/index.php?rest_route=\/wp\/v2\/pages\/90"}],"collection":[{"href":"https:\/\/www.ffwschwebheim.de\/index.php?rest_route=\/wp\/v2\/pages"}],"about":[{"href":"https:\/\/www.ffwschwebheim.de\/index.php?rest_route=\/wp\/v2\/types\/page"}],"author":[{"embeddable":true,"href":"https:\/\/www.ffwschwebheim.de\/index.php?rest_route=\/wp\/v2\/users\/1"}],"replies":[{"embeddable":true,"href":"https:\/\/www.ffwschwebheim.de\/index.php?rest_route=%2Fwp%2Fv2%2Fcomments&post=90"}],"version-history":[{"count":8,"href":"https:\/\/www.ffwschwebheim.de\/index.php?rest_route=\/wp\/v2\/pages\/90\/revisions"}],"predecessor-version":[{"id":1938,"href":"https:\/\/www.ffwschwebheim.de\/index.php?rest_route=\/wp\/v2\/pages\/90\/revisions\/1938"}],"wp:attachment":[{"href":"https:\/\/www.ffwschwebheim.de\/index.php?rest_route=%2Fwp%2Fv2%2Fmedia&parent=90"}],"curies":[{"name":"wp","href":"https:\/\/api.w.org\/{rel}","templated":true}]}}