{"id":6833,"date":"2017-12-29T19:49:19","date_gmt":"2017-12-29T17:49:19","guid":{"rendered":"http:\/\/www.ffwschwebheim.de\/?page_id=6833"},"modified":"2018-01-31T23:10:30","modified_gmt":"2018-01-31T21:10:30","slug":"spz-mainbogen","status":"publish","type":"page","link":"https:\/\/www.ffwschwebheim.de\/?page_id=6833","title":{"rendered":"SPZ"},"content":{"rendered":"<p><strong><span style=\"text-decoration: underline;\">S<\/span>chlauch\u00a0<span style=\"text-decoration: underline;\">P<\/span>flege <span style=\"text-decoration: underline;\">Z<\/span>entrum Mainbogen<\/strong><\/p>\n<p><a href=\"http:\/\/www.ffwschwebheim.de\/?attachment_id=6983\" rel=\"attachment wp-att-6983\"><img decoding=\"async\" loading=\"lazy\" class=\"aligncenter size-large wp-image-6983\" title=\"SPZ (7 von 14)\" src=\"http:\/\/www.ffwschwebheim.de\/wp-content\/uploads\/2017\/12\/SPZ-7-von-14-1024x682.jpg\" alt=\"\" width=\"584\" height=\"388\" srcset=\"https:\/\/www.ffwschwebheim.de\/wp-content\/uploads\/2017\/12\/SPZ-7-von-14-1024x682.jpg 1024w, https:\/\/www.ffwschwebheim.de\/wp-content\/uploads\/2017\/12\/SPZ-7-von-14-300x200.jpg 300w, https:\/\/www.ffwschwebheim.de\/wp-content\/uploads\/2017\/12\/SPZ-7-von-14-450x300.jpg 450w\" sizes=\"(max-width: 584px) 100vw, 584px\" \/><\/a><\/p>\n<p>Am 12. Oktober 2016 wurde das Schlauchpflegezentrum der Mainbogengemeinden, kurz SPZ Mainbogen in Betrieb genommen. Das SPZ wird durch einen kommunalen Zusammenschluss finanziert und genutzt.<\/p>\n<p>Zun\u00e4chst befand sich die Anlage im Schwebheimer Feuerwehrhaus. Seit November 2017 befindet sie sich in der eigens daf\u00fcr umgebauten Schlossscheune in der Neuen Gasse in Schwebheim (ca 50 Meter neben dem Feuerwehrhaus).<br \/>\nBeteiligte Gemeinden sind Gochsheim, Grettstadt, R\u00f6thlein und Schwebheim. Daraus ergeben sich f\u00fcr die Nutzung folgende Feuerwehren:<\/p>\n<p>Gochsheim, Grettstadt, R\u00f6thlein, Schwebheim, D\u00fcrrfeld, Heidenfeld, Hirschfeld, Obereuerheim, Untereuerheim und Weyer.<\/p>\n<p>Jede der genannten Feuerwehren hat jederzeit Zugang zur Anlage und f\u00fchrt die Reinigungs- und Pr\u00fcfarbeiten an ihren Schl\u00e4uchen und Armaturen selbstst\u00e4ndig aus.<\/p>\n<p><a href=\"http:\/\/www.ffwschwebheim.de\/?attachment_id=6985\" rel=\"attachment wp-att-6985\"><img decoding=\"async\" loading=\"lazy\" class=\"aligncenter size-large wp-image-6985\" title=\"SPZ (10 von 14)\" src=\"http:\/\/www.ffwschwebheim.de\/wp-content\/uploads\/2017\/12\/SPZ-10-von-14-1024x682.jpg\" alt=\"\" width=\"584\" height=\"388\" srcset=\"https:\/\/www.ffwschwebheim.de\/wp-content\/uploads\/2017\/12\/SPZ-10-von-14-1024x682.jpg 1024w, https:\/\/www.ffwschwebheim.de\/wp-content\/uploads\/2017\/12\/SPZ-10-von-14-300x200.jpg 300w, https:\/\/www.ffwschwebheim.de\/wp-content\/uploads\/2017\/12\/SPZ-10-von-14-450x300.jpg 450w\" sizes=\"(max-width: 584px) 100vw, 584px\" \/><\/a><\/p>\n<p>Es k\u00f6nnen B, C, und D Schl\u00e4uche bis 40 Meter L\u00e4nge gereinigt und gepr\u00fcft werden. Weiterhin k\u00f6nnen alle wasserf\u00fchrenden Armaturen gepr\u00fcft werden (z.B. Strahlrohre, Verteiler, St\u00fctzkr\u00fcmmer, Blindkupplungen, \u00dcbergangsst\u00fccke).<\/p>\n<p>Aktuell sind in der Verwaltungssoftware 1120 Schl\u00e4uche und Armaturen erfasst.<\/p>\n<p>Ein vollst\u00e4ndiger Reinigungs- und Pr\u00fcfzyklus ben\u00f6tigt in der Regel 7,5 bis 8 Minuten pro Schlauch. In dieser Zeit ist auch das Rollen des Schlauches (einfach oder doppelt) inbegriffen. Die Restfeuchte nach der Pr\u00fcfung ist kleiner als 5%. Somit kann der Schlauch sofort wieder verlastet werden.<\/p>\n<p><a href=\"http:\/\/www.ffwschwebheim.de\/?attachment_id=6986\" rel=\"attachment wp-att-6986\"><img decoding=\"async\" loading=\"lazy\" class=\"aligncenter size-large wp-image-6986\" title=\"SPZ (6 von 14)\" src=\"http:\/\/www.ffwschwebheim.de\/wp-content\/uploads\/2017\/12\/SPZ-6-von-14-682x1024.jpg\" alt=\"\" width=\"584\" height=\"876\" srcset=\"https:\/\/www.ffwschwebheim.de\/wp-content\/uploads\/2017\/12\/SPZ-6-von-14-682x1024.jpg 682w, https:\/\/www.ffwschwebheim.de\/wp-content\/uploads\/2017\/12\/SPZ-6-von-14-200x300.jpg 200w\" sizes=\"(max-width: 584px) 100vw, 584px\" \/><\/a>Um im Notfall einen \u201eSchlauchpuffer\u201c zu gew\u00e4hrleisten, wurde zus\u00e4tzlich ein Schlauchpool gebildet. Dieser besteht aus 15x 20 Meter B-Schlauch und 24x 20 Meter C-Schlauch.<\/p>\n<p>Zum Vorweichen der dreckigen Schl\u00e4uche stehen 3 Vorweichbeh\u00e4lter bereit.<\/p>\n<p>Das Pr\u00fcfwasser der Anlage ist auf 40\u00b0C erw\u00e4rmt um die Trocknung zu beschleunigen. Um die Anlage schneller Einsatzbereit zu haben, ist die Vorw\u00e4rmung der Anlage seit 4.12.2017 fernschaltbar.<\/p>\n<p><a href=\"http:\/\/www.ffwschwebheim.de\/?attachment_id=6987\" rel=\"attachment wp-att-6987\"><img decoding=\"async\" loading=\"lazy\" class=\"aligncenter size-large wp-image-6987\" title=\"SPZ (13 von 14)\" src=\"http:\/\/www.ffwschwebheim.de\/wp-content\/uploads\/2017\/12\/SPZ-13-von-14-682x1024.jpg\" alt=\"\" width=\"584\" height=\"876\" srcset=\"https:\/\/www.ffwschwebheim.de\/wp-content\/uploads\/2017\/12\/SPZ-13-von-14-682x1024.jpg 682w, https:\/\/www.ffwschwebheim.de\/wp-content\/uploads\/2017\/12\/SPZ-13-von-14-200x300.jpg 200w\" sizes=\"(max-width: 584px) 100vw, 584px\" \/><\/a>Im Jahr 2016 (12.10 bis 31.12) wurden 527 Reinigungen mit Pr\u00fcfungen durchgef\u00fchrt.<\/p>\n<p>Seit der Inbetriebnahme bis 23.11.2017 wurden 1635 Schl\u00e4uche und Armaturen gereinigt und gepr\u00fcft.<\/p>\n","protected":false},"excerpt":{"rendered":"<p>Schlauch\u00a0Pflege Zentrum Mainbogen Am 12. Oktober 2016 wurde das Schlauchpflegezentrum der Mainbogengemeinden, kurz SPZ Mainbogen in Betrieb genommen. Das SPZ wird durch einen kommunalen Zusammenschluss finanziert und genutzt. Zun\u00e4chst befand sich die Anlage im Schwebheimer Feuerwehrhaus. Seit November 2017 befindet &hellip; <a href=\"https:\/\/www.ffwschwebheim.de\/?page_id=6833\">Weiterlesen <span class=\"meta-nav\">&rarr;<\/span><\/a><\/p>\n","protected":false},"author":3,"featured_media":0,"parent":0,"menu_order":0,"comment_status":"closed","ping_status":"open","template":"","meta":[],"_links":{"self":[{"href":"https:\/\/www.ffwschwebheim.de\/index.php?rest_route=\/wp\/v2\/pages\/6833"}],"collection":[{"href":"https:\/\/www.ffwschwebheim.de\/index.php?rest_route=\/wp\/v2\/pages"}],"about":[{"href":"https:\/\/www.ffwschwebheim.de\/index.php?rest_route=\/wp\/v2\/types\/page"}],"author":[{"embeddable":true,"href":"https:\/\/www.ffwschwebheim.de\/index.php?rest_route=\/wp\/v2\/users\/3"}],"replies":[{"embeddable":true,"href":"https:\/\/www.ffwschwebheim.de\/index.php?rest_route=%2Fwp%2Fv2%2Fcomments&post=6833"}],"version-history":[{"count":9,"href":"https:\/\/www.ffwschwebheim.de\/index.php?rest_route=\/wp\/v2\/pages\/6833\/revisions"}],"predecessor-version":[{"id":7015,"href":"https:\/\/www.ffwschwebheim.de\/index.php?rest_route=\/wp\/v2\/pages\/6833\/revisions\/7015"}],"wp:attachment":[{"href":"https:\/\/www.ffwschwebheim.de\/index.php?rest_route=%2Fwp%2Fv2%2Fmedia&parent=6833"}],"curies":[{"name":"wp","href":"https:\/\/api.w.org\/{rel}","templated":true}]}}