{"id":6748,"date":"2017-11-20T22:49:55","date_gmt":"2017-11-20T20:49:55","guid":{"rendered":"http:\/\/www.ffwschwebheim.de\/?page_id=6748"},"modified":"2018-05-07T15:20:52","modified_gmt":"2018-05-07T13:20:52","slug":"rollcontainer","status":"publish","type":"page","link":"https:\/\/www.ffwschwebheim.de\/?page_id=6748","title":{"rendered":"Rollcontainer"},"content":{"rendered":"<p><strong>Rollcontainer<\/strong><\/p>\n<p><a href=\"http:\/\/www.ffwschwebheim.de\/?attachment_id=6988\" rel=\"attachment wp-att-6988\"><br \/>\n<\/a>Seit dem Jahr 2012, bzw. mit Anschaffung unseres GW-L2 sind wir auf das modulare Verladungskonzept mittels Rollcontainern aufgestiegen.<\/p>\n<p>Durch die absolut individuelle Festlegung der Beladung k\u00f6nnen die beiden Fahrzeuge GW-L2 und TSF-L jedem erdenklichen Schadensbild angepasst werden. Und wird einfach nur Transportkapazit\u00e4t ben\u00f6tigt, kommen einfach alle Rollcontainer von der Ladefl\u00e4che, und man hat eine vollwertige Ladefl\u00e4che mit verschiedenen Sicherungsm\u00f6glichkeiten nach Stand der Technik.<\/p>\n<p>Au\u00dferdem sind f\u00fcr den GW-L2 zwei Wasserf\u00e4sser vorhanden. Diese fassen jeweils 2000 Liter und k\u00f6nnen ebenfalls modular entnommen oder geladen werden.<\/p>\n<p>&nbsp;<\/p>\n<p><strong>Rollcontainer Beleuchtung:<\/strong><\/p>\n<p><a href=\"http:\/\/www.ffwschwebheim.de\/?attachment_id=7266\" rel=\"attachment wp-att-7266\"><img decoding=\"async\" loading=\"lazy\" class=\"aligncenter size-large wp-image-7266\" title=\"Rollcontainer Beleuchtung\" src=\"http:\/\/www.ffwschwebheim.de\/wp-content\/uploads\/2018\/04\/Rollwagen-Fw-Schwebheim-8-1024x640.jpg\" alt=\"\" width=\"584\" height=\"365\" srcset=\"https:\/\/www.ffwschwebheim.de\/wp-content\/uploads\/2018\/04\/Rollwagen-Fw-Schwebheim-8-1024x640.jpg 1024w, https:\/\/www.ffwschwebheim.de\/wp-content\/uploads\/2018\/04\/Rollwagen-Fw-Schwebheim-8-300x187.jpg 300w, https:\/\/www.ffwschwebheim.de\/wp-content\/uploads\/2018\/04\/Rollwagen-Fw-Schwebheim-8-480x300.jpg 480w, https:\/\/www.ffwschwebheim.de\/wp-content\/uploads\/2018\/04\/Rollwagen-Fw-Schwebheim-8.jpg 1200w\" sizes=\"(max-width: 584px) 100vw, 584px\" \/><\/a><\/p>\n<p><a href=\"http:\/\/www.ffwschwebheim.de\/?attachment_id=7265\" rel=\"attachment wp-att-7265\"><img decoding=\"async\" loading=\"lazy\" class=\"aligncenter size-large wp-image-7265\" title=\"Rollcontainer Beleuchtung - aufgebaut\" src=\"http:\/\/www.ffwschwebheim.de\/wp-content\/uploads\/2018\/04\/Rollwagen-Fw-Schwebheim-7-1024x640.jpg\" alt=\"\" width=\"584\" height=\"365\" srcset=\"https:\/\/www.ffwschwebheim.de\/wp-content\/uploads\/2018\/04\/Rollwagen-Fw-Schwebheim-7-1024x640.jpg 1024w, https:\/\/www.ffwschwebheim.de\/wp-content\/uploads\/2018\/04\/Rollwagen-Fw-Schwebheim-7-300x187.jpg 300w, https:\/\/www.ffwschwebheim.de\/wp-content\/uploads\/2018\/04\/Rollwagen-Fw-Schwebheim-7-480x300.jpg 480w, https:\/\/www.ffwschwebheim.de\/wp-content\/uploads\/2018\/04\/Rollwagen-Fw-Schwebheim-7.jpg 1200w\" sizes=\"(max-width: 584px) 100vw, 584px\" \/><\/a>&#8211; Stromerzeuger<\/p>\n<p>&#8211; Flutlichtstrahler<\/p>\n<p>&#8211; Stative<\/p>\n<p>&#8211; Powermoon<\/p>\n<p>&#8211; Kabeltrommeln<\/p>\n<p>&#8211; Kraftstoffkanister<\/p>\n<p>&#8211; Taschenlampe<\/p>\n<p>&nbsp;<\/p>\n<p><strong>Rollcontainer Dekon\/Kleidung:<\/strong><\/p>\n<p><a href=\"http:\/\/www.ffwschwebheim.de\/?attachment_id=7275\" rel=\"attachment wp-att-7275\"><img decoding=\"async\" loading=\"lazy\" class=\"aligncenter size-large wp-image-7275\" title=\"Rollcontainer Dekon\/Kleidung\" src=\"http:\/\/www.ffwschwebheim.de\/wp-content\/uploads\/2018\/04\/Rollwagen-Fw-Schwebheim-19-1024x640.jpg\" alt=\"\" width=\"584\" height=\"365\" srcset=\"https:\/\/www.ffwschwebheim.de\/wp-content\/uploads\/2018\/04\/Rollwagen-Fw-Schwebheim-19-1024x640.jpg 1024w, https:\/\/www.ffwschwebheim.de\/wp-content\/uploads\/2018\/04\/Rollwagen-Fw-Schwebheim-19-300x187.jpg 300w, https:\/\/www.ffwschwebheim.de\/wp-content\/uploads\/2018\/04\/Rollwagen-Fw-Schwebheim-19-480x300.jpg 480w, https:\/\/www.ffwschwebheim.de\/wp-content\/uploads\/2018\/04\/Rollwagen-Fw-Schwebheim-19.jpg 1200w\" sizes=\"(max-width: 584px) 100vw, 584px\" \/><\/a>&#8211; eingeschwei\u00dfte und gewaschene Jogginganz\u00fcge<\/p>\n<p>&#8211; alternativ Ladeplatz f\u00fcr kontaminiertes Material<\/p>\n<p>&nbsp;<\/p>\n<p><strong>Rollcontainer Gitterbox mit Aufnahme f\u00fcr TS:<\/strong><\/p>\n<p><a href=\"http:\/\/www.ffwschwebheim.de\/?attachment_id=7279\" rel=\"attachment wp-att-7279\"><img decoding=\"async\" loading=\"lazy\" class=\"aligncenter size-full wp-image-7279\" title=\"Rollcontainer TS\" src=\"http:\/\/www.ffwschwebheim.de\/wp-content\/uploads\/2018\/04\/Rollwagen-Fw-Schwebheim-15.jpg\" alt=\"\" width=\"1000\" height=\"625\" srcset=\"https:\/\/www.ffwschwebheim.de\/wp-content\/uploads\/2018\/04\/Rollwagen-Fw-Schwebheim-15.jpg 1000w, https:\/\/www.ffwschwebheim.de\/wp-content\/uploads\/2018\/04\/Rollwagen-Fw-Schwebheim-15-300x187.jpg 300w, https:\/\/www.ffwschwebheim.de\/wp-content\/uploads\/2018\/04\/Rollwagen-Fw-Schwebheim-15-480x300.jpg 480w\" sizes=\"(max-width: 1000px) 100vw, 1000px\" \/><\/a><\/p>\n<p><a href=\"http:\/\/www.ffwschwebheim.de\/?attachment_id=7274\" rel=\"attachment wp-att-7274\"><img decoding=\"async\" loading=\"lazy\" class=\"aligncenter size-large wp-image-7274\" title=\"Rollcontainer mit TS\" src=\"http:\/\/www.ffwschwebheim.de\/wp-content\/uploads\/2018\/04\/Rollwagen-Fw-Schwebheim-18-1024x640.jpg\" alt=\"\" width=\"584\" height=\"365\" srcset=\"https:\/\/www.ffwschwebheim.de\/wp-content\/uploads\/2018\/04\/Rollwagen-Fw-Schwebheim-18-1024x640.jpg 1024w, https:\/\/www.ffwschwebheim.de\/wp-content\/uploads\/2018\/04\/Rollwagen-Fw-Schwebheim-18-300x187.jpg 300w, https:\/\/www.ffwschwebheim.de\/wp-content\/uploads\/2018\/04\/Rollwagen-Fw-Schwebheim-18-480x300.jpg 480w, https:\/\/www.ffwschwebheim.de\/wp-content\/uploads\/2018\/04\/Rollwagen-Fw-Schwebheim-18.jpg 1200w\" sizes=\"(max-width: 584px) 100vw, 584px\" \/><\/a>&#8211; Leerer Rollcontainer mit Ladevorrichtung f\u00fcr die Tragkraftspritze<\/p>\n<p>&nbsp;<\/p>\n<p><strong>Rollcontainer Hochwasser 1:<\/strong><\/p>\n<p><a href=\"http:\/\/www.ffwschwebheim.de\/?attachment_id=7262\" rel=\"attachment wp-att-7262\"><img decoding=\"async\" loading=\"lazy\" class=\"aligncenter size-large wp-image-7262\" title=\"Rollcontainer Hochwasser 1\" src=\"http:\/\/www.ffwschwebheim.de\/wp-content\/uploads\/2018\/04\/Rollwagen-Fw-Schwebheim-2-1024x640.jpg\" alt=\"\" width=\"584\" height=\"365\" srcset=\"https:\/\/www.ffwschwebheim.de\/wp-content\/uploads\/2018\/04\/Rollwagen-Fw-Schwebheim-2-1024x640.jpg 1024w, https:\/\/www.ffwschwebheim.de\/wp-content\/uploads\/2018\/04\/Rollwagen-Fw-Schwebheim-2-300x187.jpg 300w, https:\/\/www.ffwschwebheim.de\/wp-content\/uploads\/2018\/04\/Rollwagen-Fw-Schwebheim-2-480x300.jpg 480w, https:\/\/www.ffwschwebheim.de\/wp-content\/uploads\/2018\/04\/Rollwagen-Fw-Schwebheim-2.jpg 1200w\" sizes=\"(max-width: 584px) 100vw, 584px\" \/><\/a>&#8211; Wassersauger<\/p>\n<p>&#8211; Formstabiler Schlauch<\/p>\n<p>&#8211; Tauchpumpe<\/p>\n<p>&#8211; Zubeh\u00f6r Wassersauger<\/p>\n<p>&nbsp;<\/p>\n<p><strong>Rollcontainer Hochwasser 2:<\/strong><\/p>\n<p><a href=\"http:\/\/www.ffwschwebheim.de\/?attachment_id=7261\" rel=\"attachment wp-att-7261\"><img decoding=\"async\" loading=\"lazy\" class=\"aligncenter size-large wp-image-7261\" title=\"Rollcontainer Hochwasser 2\" src=\"http:\/\/www.ffwschwebheim.de\/wp-content\/uploads\/2018\/04\/Rollwagen-Fw-Schwebheim-1-1024x640.jpg\" alt=\"\" width=\"584\" height=\"365\" srcset=\"https:\/\/www.ffwschwebheim.de\/wp-content\/uploads\/2018\/04\/Rollwagen-Fw-Schwebheim-1-1024x640.jpg 1024w, https:\/\/www.ffwschwebheim.de\/wp-content\/uploads\/2018\/04\/Rollwagen-Fw-Schwebheim-1-300x187.jpg 300w, https:\/\/www.ffwschwebheim.de\/wp-content\/uploads\/2018\/04\/Rollwagen-Fw-Schwebheim-1-480x300.jpg 480w, https:\/\/www.ffwschwebheim.de\/wp-content\/uploads\/2018\/04\/Rollwagen-Fw-Schwebheim-1.jpg 1200w\" sizes=\"(max-width: 584px) 100vw, 584px\" \/><\/a>&#8211; Tauchpumpe<\/p>\n<p>&#8211; Wassersauger<\/p>\n<p>&#8211; B und C Schl\u00e4uche<\/p>\n<p>&#8211; Zubeh\u00f6r Wassersauger<\/p>\n<p>&nbsp;<\/p>\n<p><strong>Rollcontainer \u00d6lbinder\/Absicherung:<\/strong><\/p>\n<p><a href=\"http:\/\/www.ffwschwebheim.de\/?attachment_id=7270\" rel=\"attachment wp-att-7270\"><img decoding=\"async\" loading=\"lazy\" class=\"aligncenter size-large wp-image-7270\" title=\"Rollcontainer \u00d6l\/Absicherung vorne\" src=\"http:\/\/www.ffwschwebheim.de\/wp-content\/uploads\/2018\/04\/Rollwagen-Fw-Schwebheim-13-1024x640.jpg\" alt=\"\" width=\"584\" height=\"365\" srcset=\"https:\/\/www.ffwschwebheim.de\/wp-content\/uploads\/2018\/04\/Rollwagen-Fw-Schwebheim-13-1024x640.jpg 1024w, https:\/\/www.ffwschwebheim.de\/wp-content\/uploads\/2018\/04\/Rollwagen-Fw-Schwebheim-13-300x187.jpg 300w, https:\/\/www.ffwschwebheim.de\/wp-content\/uploads\/2018\/04\/Rollwagen-Fw-Schwebheim-13-480x300.jpg 480w, https:\/\/www.ffwschwebheim.de\/wp-content\/uploads\/2018\/04\/Rollwagen-Fw-Schwebheim-13.jpg 1200w\" sizes=\"(max-width: 584px) 100vw, 584px\" \/><\/a><a href=\"http:\/\/www.ffwschwebheim.de\/?attachment_id=7271\" rel=\"attachment wp-att-7271\"><img decoding=\"async\" loading=\"lazy\" class=\"aligncenter size-large wp-image-7271\" title=\"Rollcontainer \u00d6l\/Absicherung hinten\" src=\"http:\/\/www.ffwschwebheim.de\/wp-content\/uploads\/2018\/04\/Rollwagen-Fw-Schwebheim-14-1024x640.jpg\" alt=\"\" width=\"584\" height=\"365\" srcset=\"https:\/\/www.ffwschwebheim.de\/wp-content\/uploads\/2018\/04\/Rollwagen-Fw-Schwebheim-14-1024x640.jpg 1024w, https:\/\/www.ffwschwebheim.de\/wp-content\/uploads\/2018\/04\/Rollwagen-Fw-Schwebheim-14-300x187.jpg 300w, https:\/\/www.ffwschwebheim.de\/wp-content\/uploads\/2018\/04\/Rollwagen-Fw-Schwebheim-14-480x300.jpg 480w, https:\/\/www.ffwschwebheim.de\/wp-content\/uploads\/2018\/04\/Rollwagen-Fw-Schwebheim-14.jpg 1200w\" sizes=\"(max-width: 584px) 100vw, 584px\" \/><\/a>&#8211; \u00d6lbindemittel<\/p>\n<p>&#8211; Absperrband<\/p>\n<p>&#8211; Besen \/ Schaufel<\/p>\n<p>&#8211; Stabblitzer<\/p>\n<p>&#8211; Verkehrsleitkegel<\/p>\n<p>&#8211; \u00d6lauffangwanne<\/p>\n<p>&#8211; Faltdreiecke<\/p>\n<p>&#8211; Verkehrsleitkelle<\/p>\n<p>&#8211; Schilder<\/p>\n<p>&nbsp;<\/p>\n<p><strong>Rollcontainer Rettungssatz:<\/strong><\/p>\n<p><a href=\"http:\/\/www.ffwschwebheim.de\/?attachment_id=7264\" rel=\"attachment wp-att-7264\"><img decoding=\"async\" loading=\"lazy\" class=\"aligncenter size-large wp-image-7264\" title=\"Rollcontainer Rettungssatz\" src=\"http:\/\/www.ffwschwebheim.de\/wp-content\/uploads\/2018\/04\/Rollwagen-Fw-Schwebheim-6-1024x640.jpg\" alt=\"\" width=\"584\" height=\"365\" srcset=\"https:\/\/www.ffwschwebheim.de\/wp-content\/uploads\/2018\/04\/Rollwagen-Fw-Schwebheim-6-1024x640.jpg 1024w, https:\/\/www.ffwschwebheim.de\/wp-content\/uploads\/2018\/04\/Rollwagen-Fw-Schwebheim-6-300x187.jpg 300w, https:\/\/www.ffwschwebheim.de\/wp-content\/uploads\/2018\/04\/Rollwagen-Fw-Schwebheim-6-480x300.jpg 480w, https:\/\/www.ffwschwebheim.de\/wp-content\/uploads\/2018\/04\/Rollwagen-Fw-Schwebheim-6.jpg 1200w\" sizes=\"(max-width: 584px) 100vw, 584px\" \/><\/a>&#8211; Armaturendruckplatten<\/p>\n<p>&#8211; Brechstange<\/p>\n<p>&#8211; Greifzug mit Stahlseil<\/p>\n<p>&#8211; Haligantool<\/p>\n<p>&#8211; Anschlagmittel<\/p>\n<p>&#8211; Schere und Spreizer mit Motorpumpe<\/p>\n<p>&#8211; Unterbaustufenkeile<\/p>\n<p>&#8211; VU Koffer<\/p>\n<p>&#8211; Rettungszylinder<\/p>\n<p>&nbsp;<\/p>\n<p><strong>Rollcontainer R\u00fcstholz:<\/strong><\/p>\n<p><a href=\"http:\/\/www.ffwschwebheim.de\/?attachment_id=7268\" rel=\"attachment wp-att-7268\"><img decoding=\"async\" loading=\"lazy\" class=\"aligncenter size-large wp-image-7268\" title=\"Rollcontainer R\u00fcstholz\" src=\"http:\/\/www.ffwschwebheim.de\/wp-content\/uploads\/2018\/04\/Rollwagen-Fw-Schwebheim-10-1024x640.jpg\" alt=\"\" width=\"584\" height=\"365\" srcset=\"https:\/\/www.ffwschwebheim.de\/wp-content\/uploads\/2018\/04\/Rollwagen-Fw-Schwebheim-10-1024x640.jpg 1024w, https:\/\/www.ffwschwebheim.de\/wp-content\/uploads\/2018\/04\/Rollwagen-Fw-Schwebheim-10-300x187.jpg 300w, https:\/\/www.ffwschwebheim.de\/wp-content\/uploads\/2018\/04\/Rollwagen-Fw-Schwebheim-10-480x300.jpg 480w, https:\/\/www.ffwschwebheim.de\/wp-content\/uploads\/2018\/04\/Rollwagen-Fw-Schwebheim-10.jpg 1200w\" sizes=\"(max-width: 584px) 100vw, 584px\" \/><\/a>&#8211; 6 Kanalst\u00fctzen kurz<\/p>\n<p>&#8211; 6 Kanalst\u00fctzen lang<\/p>\n<p>&#8211; N\u00e4gel<\/p>\n<p>&#8211; Kleinteile<\/p>\n<p>&#8211; Vorschlaghammer<\/p>\n<p>&#8211; R\u00fcstholzsatz M\u00fcnchen<\/p>\n<p>&nbsp;<\/p>\n<p><strong>Rollcontainer Schlauch 1:<\/strong><\/p>\n<p><a href=\"http:\/\/www.ffwschwebheim.de\/?attachment_id=7269\" rel=\"attachment wp-att-7269\"><img decoding=\"async\" loading=\"lazy\" class=\"aligncenter size-large wp-image-7269\" title=\"Rollcontainer Schlauch\" src=\"http:\/\/www.ffwschwebheim.de\/wp-content\/uploads\/2018\/04\/Rollwagen-Fw-Schwebheim-11-1024x640.jpg\" alt=\"\" width=\"584\" height=\"365\" srcset=\"https:\/\/www.ffwschwebheim.de\/wp-content\/uploads\/2018\/04\/Rollwagen-Fw-Schwebheim-11-1024x640.jpg 1024w, https:\/\/www.ffwschwebheim.de\/wp-content\/uploads\/2018\/04\/Rollwagen-Fw-Schwebheim-11-300x187.jpg 300w, https:\/\/www.ffwschwebheim.de\/wp-content\/uploads\/2018\/04\/Rollwagen-Fw-Schwebheim-11-480x300.jpg 480w, https:\/\/www.ffwschwebheim.de\/wp-content\/uploads\/2018\/04\/Rollwagen-Fw-Schwebheim-11.jpg 1200w\" sizes=\"(max-width: 584px) 100vw, 584px\" \/><\/a>&#8211; 25 x B Schlauch 20m<\/p>\n<p>&#8211; Schlauchbr\u00fccken<\/p>\n<p>&nbsp;<\/p>\n<p><strong>Rollcontainer Schlauch 2:<\/strong><\/p>\n<p><a href=\"http:\/\/www.ffwschwebheim.de\/?attachment_id=7278\" rel=\"attachment wp-att-7278\"><img decoding=\"async\" loading=\"lazy\" class=\"aligncenter size-full wp-image-7278\" title=\"Rollcontainer Schlauch 2\" src=\"http:\/\/www.ffwschwebheim.de\/wp-content\/uploads\/2018\/04\/Rollwagen-Fw-Schwebheim-12.jpg\" alt=\"\" width=\"1000\" height=\"625\" srcset=\"https:\/\/www.ffwschwebheim.de\/wp-content\/uploads\/2018\/04\/Rollwagen-Fw-Schwebheim-12.jpg 1000w, https:\/\/www.ffwschwebheim.de\/wp-content\/uploads\/2018\/04\/Rollwagen-Fw-Schwebheim-12-300x187.jpg 300w, https:\/\/www.ffwschwebheim.de\/wp-content\/uploads\/2018\/04\/Rollwagen-Fw-Schwebheim-12-480x300.jpg 480w\" sizes=\"(max-width: 1000px) 100vw, 1000px\" \/><\/a>&#8211; 25 x B Schlauch 20m<\/p>\n<p>&#8211; Schlauchbr\u00fccken<\/p>\n<p>&nbsp;<\/p>\n<p><strong>Rollcontainer Schlauch 3:<\/strong><\/p>\n<p><a href=\"http:\/\/www.ffwschwebheim.de\/?attachment_id=7269\" rel=\"attachment wp-att-7269\"><img decoding=\"async\" loading=\"lazy\" class=\"aligncenter size-large wp-image-7269\" title=\"Rollcontainer Schlauch 1\" src=\"http:\/\/www.ffwschwebheim.de\/wp-content\/uploads\/2018\/04\/Rollwagen-Fw-Schwebheim-11-1024x640.jpg\" alt=\"\" width=\"584\" height=\"365\" srcset=\"https:\/\/www.ffwschwebheim.de\/wp-content\/uploads\/2018\/04\/Rollwagen-Fw-Schwebheim-11-1024x640.jpg 1024w, https:\/\/www.ffwschwebheim.de\/wp-content\/uploads\/2018\/04\/Rollwagen-Fw-Schwebheim-11-300x187.jpg 300w, https:\/\/www.ffwschwebheim.de\/wp-content\/uploads\/2018\/04\/Rollwagen-Fw-Schwebheim-11-480x300.jpg 480w, https:\/\/www.ffwschwebheim.de\/wp-content\/uploads\/2018\/04\/Rollwagen-Fw-Schwebheim-11.jpg 1200w\" sizes=\"(max-width: 584px) 100vw, 584px\" \/><\/a>&#8211; 25 x B Schlauch 20m<\/p>\n<p>&#8211; Schlauchbr\u00fccken<\/p>\n<p>&nbsp;<\/p>\n<p><strong>Rollcontainer Schlauch 4:<\/strong><\/p>\n<p><a href=\"http:\/\/www.ffwschwebheim.de\/?attachment_id=7278\" rel=\"attachment wp-att-7278\"><img decoding=\"async\" loading=\"lazy\" class=\"aligncenter size-full wp-image-7278\" title=\"Rollcontainer Schlauch 2\" src=\"http:\/\/www.ffwschwebheim.de\/wp-content\/uploads\/2018\/04\/Rollwagen-Fw-Schwebheim-12.jpg\" alt=\"\" width=\"1000\" height=\"625\" srcset=\"https:\/\/www.ffwschwebheim.de\/wp-content\/uploads\/2018\/04\/Rollwagen-Fw-Schwebheim-12.jpg 1000w, https:\/\/www.ffwschwebheim.de\/wp-content\/uploads\/2018\/04\/Rollwagen-Fw-Schwebheim-12-300x187.jpg 300w, https:\/\/www.ffwschwebheim.de\/wp-content\/uploads\/2018\/04\/Rollwagen-Fw-Schwebheim-12-480x300.jpg 480w\" sizes=\"(max-width: 1000px) 100vw, 1000px\" \/><\/a>&#8211; 25 x B Schlauch 20m<\/p>\n<p>&#8211; Schlauchbr\u00fccken<\/p>\n<p>&nbsp;<\/p>\n<p><strong>Rollcontainer Bel\u00fcftung:<\/strong><\/p>\n<p><a href=\"http:\/\/www.ffwschwebheim.de\/?attachment_id=7277\" rel=\"attachment wp-att-7277\"><img decoding=\"async\" loading=\"lazy\" class=\"aligncenter size-full wp-image-7277\" title=\"Rollcontainer Bel\u00fcftung\" src=\"http:\/\/www.ffwschwebheim.de\/wp-content\/uploads\/2018\/04\/Rollwagen-Fw-Schwebheim-5.jpg\" alt=\"\" width=\"1000\" height=\"625\" srcset=\"https:\/\/www.ffwschwebheim.de\/wp-content\/uploads\/2018\/04\/Rollwagen-Fw-Schwebheim-5.jpg 1000w, https:\/\/www.ffwschwebheim.de\/wp-content\/uploads\/2018\/04\/Rollwagen-Fw-Schwebheim-5-300x187.jpg 300w, https:\/\/www.ffwschwebheim.de\/wp-content\/uploads\/2018\/04\/Rollwagen-Fw-Schwebheim-5-480x300.jpg 480w\" sizes=\"(max-width: 1000px) 100vw, 1000px\" \/><\/a><\/p>\n<p>&nbsp;<\/p>\n","protected":false},"excerpt":{"rendered":"<p>Rollcontainer Seit dem Jahr 2012, bzw. mit Anschaffung unseres GW-L2 sind wir auf das modulare Verladungskonzept mittels Rollcontainern aufgestiegen. Durch die absolut individuelle Festlegung der Beladung k\u00f6nnen die beiden Fahrzeuge GW-L2 und TSF-L jedem erdenklichen Schadensbild angepasst werden. Und wird &hellip; <a href=\"https:\/\/www.ffwschwebheim.de\/?page_id=6748\">Weiterlesen <span class=\"meta-nav\">&rarr;<\/span><\/a><\/p>\n","protected":false},"author":3,"featured_media":0,"parent":64,"menu_order":0,"comment_status":"closed","ping_status":"open","template":"","meta":[],"_links":{"self":[{"href":"https:\/\/www.ffwschwebheim.de\/index.php?rest_route=\/wp\/v2\/pages\/6748"}],"collection":[{"href":"https:\/\/www.ffwschwebheim.de\/index.php?rest_route=\/wp\/v2\/pages"}],"about":[{"href":"https:\/\/www.ffwschwebheim.de\/index.php?rest_route=\/wp\/v2\/types\/page"}],"author":[{"embeddable":true,"href":"https:\/\/www.ffwschwebheim.de\/index.php?rest_route=\/wp\/v2\/users\/3"}],"replies":[{"embeddable":true,"href":"https:\/\/www.ffwschwebheim.de\/index.php?rest_route=%2Fwp%2Fv2%2Fcomments&post=6748"}],"version-history":[{"count":12,"href":"https:\/\/www.ffwschwebheim.de\/index.php?rest_route=\/wp\/v2\/pages\/6748\/revisions"}],"predecessor-version":[{"id":7286,"href":"https:\/\/www.ffwschwebheim.de\/index.php?rest_route=\/wp\/v2\/pages\/6748\/revisions\/7286"}],"up":[{"embeddable":true,"href":"https:\/\/www.ffwschwebheim.de\/index.php?rest_route=\/wp\/v2\/pages\/64"}],"wp:attachment":[{"href":"https:\/\/www.ffwschwebheim.de\/index.php?rest_route=%2Fwp%2Fv2%2Fmedia&parent=6748"}],"curies":[{"name":"wp","href":"https:\/\/api.w.org\/{rel}","templated":true}]}}