{"id":6732,"date":"2017-11-20T22:37:27","date_gmt":"2017-11-20T20:37:27","guid":{"rendered":"http:\/\/www.ffwschwebheim.de\/?page_id=6732"},"modified":"2017-11-20T22:52:13","modified_gmt":"2017-11-20T20:52:13","slug":"gw-l2-neu","status":"publish","type":"page","link":"https:\/\/www.ffwschwebheim.de\/?page_id=6732","title":{"rendered":"GW-L2"},"content":{"rendered":"<p><strong>Ger\u00e4tewagen Logistik 2 (GW-L2)<\/strong><\/p>\n<p><a href=\"http:\/\/www.ffwschwebheim.de\/?attachment_id=6661\" rel=\"attachment wp-att-6661\"><img decoding=\"async\" loading=\"lazy\" class=\"aligncenter size-large wp-image-6661\" title=\"MBFO6017\" src=\"http:\/\/www.ffwschwebheim.de\/wp-content\/uploads\/2017\/11\/MBFO6017-1024x682.jpg\" alt=\"\" width=\"584\" height=\"388\" srcset=\"https:\/\/www.ffwschwebheim.de\/wp-content\/uploads\/2017\/11\/MBFO6017-1024x682.jpg 1024w, https:\/\/www.ffwschwebheim.de\/wp-content\/uploads\/2017\/11\/MBFO6017-300x200.jpg 300w, https:\/\/www.ffwschwebheim.de\/wp-content\/uploads\/2017\/11\/MBFO6017-450x300.jpg 450w, https:\/\/www.ffwschwebheim.de\/wp-content\/uploads\/2017\/11\/MBFO6017.jpg 1200w\" sizes=\"(max-width: 584px) 100vw, 584px\" \/><\/a>Unser GW-L2 wurde im Jahr 2012 nach einer eineinhalbj\u00e4hrigen Planungs- und Bauphase in Dienst gestellt.<\/p>\n<p>Der Ger\u00e4tewagen ist zur Bereitstellung von Material und Personal an einer Einsatzstelle vorgesehen. Das heisst, das der GW-L2 eher im Hintergrund agiert, und bereits \u201eerstversorgte\u201c Eins\u00e4tze unterst\u00fctzt. Alternativ ist er f\u00fcr die Verlegung und den Betrieb einer langen Schlauchstrecke zu gebrauchen. Hierf\u00fcr haben wir auf 4 Rollcontainern insgesamt 2km Schlauch auf Vorrat.<\/p>\n<p><a href=\"http:\/\/www.ffwschwebheim.de\/?attachment_id=6665\" rel=\"attachment wp-att-6665\"><img decoding=\"async\" loading=\"lazy\" class=\"aligncenter size-large wp-image-6665\" title=\"MBFO6032\" src=\"http:\/\/www.ffwschwebheim.de\/wp-content\/uploads\/2017\/11\/MBFO6032-682x1024.jpg\" alt=\"\" width=\"584\" height=\"876\" srcset=\"https:\/\/www.ffwschwebheim.de\/wp-content\/uploads\/2017\/11\/MBFO6032-682x1024.jpg 682w, https:\/\/www.ffwschwebheim.de\/wp-content\/uploads\/2017\/11\/MBFO6032-200x300.jpg 200w, https:\/\/www.ffwschwebheim.de\/wp-content\/uploads\/2017\/11\/MBFO6032.jpg 800w\" sizes=\"(max-width: 584px) 100vw, 584px\" \/><\/a>Durch seine ebene Ladefl\u00e4che und die am Heck angebrachte Hebeb\u00fchne kann der GW-L2 in kurzer Zeit f\u00fcr jede Einsatzsituation mit den jeweiligen Rollcontainern best\u00fcckt werden. In den beiden F\u00e4chern des Aufbaus befindet sich Material, welches immer fest verladen auf dem Fahrzeug bleibt.<\/p>\n<p>&nbsp;<\/p>\n<p><strong>Technische Daten:<\/strong><\/p>\n<p>Fahrgestell:\u00a0\u00a0\u00a0\u00a0\u00a0\u00a0\u00a0\u00a0\u00a0\u00a0\u00a0\u00a0\u00a0\u00a0\u00a0\u00a0 MAN TGM 13.290 (290 PS)<\/p>\n<p>Aufbauhersteller:\u00a0 \u00a0 \u00a0 \u00a0 Hensel<\/p>\n<p>Staffelkabine (6 Personen)<\/p>\n<p><a href=\"http:\/\/www.ffwschwebheim.de\/?attachment_id=6662\" rel=\"attachment wp-att-6662\"><img decoding=\"async\" loading=\"lazy\" class=\"aligncenter size-large wp-image-6662\" title=\"MBFO6021\" src=\"http:\/\/www.ffwschwebheim.de\/wp-content\/uploads\/2017\/11\/MBFO6021-1024x682.jpg\" alt=\"\" width=\"584\" height=\"388\" srcset=\"https:\/\/www.ffwschwebheim.de\/wp-content\/uploads\/2017\/11\/MBFO6021-1024x682.jpg 1024w, https:\/\/www.ffwschwebheim.de\/wp-content\/uploads\/2017\/11\/MBFO6021-300x200.jpg 300w, https:\/\/www.ffwschwebheim.de\/wp-content\/uploads\/2017\/11\/MBFO6021-450x300.jpg 450w, https:\/\/www.ffwschwebheim.de\/wp-content\/uploads\/2017\/11\/MBFO6021.jpg 1200w\" sizes=\"(max-width: 584px) 100vw, 584px\" \/><\/a><\/p>\n<p>&nbsp;<\/p>\n<p><strong>Beladung:<\/strong><\/p>\n<p><strong>Mannschaftsraum:<\/strong><\/p>\n<p>&#8211; Funkger\u00e4te, Handleuchten, sonstiges Material<\/p>\n<p>&nbsp;<\/p>\n<p><strong>G1:\u00a0\u00a0\u00a0\u00a0\u00a0 <\/strong><\/p>\n<p><a href=\"http:\/\/www.ffwschwebheim.de\/?attachment_id=6663\" rel=\"attachment wp-att-6663\"><img decoding=\"async\" loading=\"lazy\" class=\"aligncenter size-large wp-image-6663\" title=\"MBFO6026\" src=\"http:\/\/www.ffwschwebheim.de\/wp-content\/uploads\/2017\/11\/MBFO6026-682x1024.jpg\" alt=\"\" width=\"584\" height=\"876\" srcset=\"https:\/\/www.ffwschwebheim.de\/wp-content\/uploads\/2017\/11\/MBFO6026-682x1024.jpg 682w, https:\/\/www.ffwschwebheim.de\/wp-content\/uploads\/2017\/11\/MBFO6026-200x300.jpg 200w, https:\/\/www.ffwschwebheim.de\/wp-content\/uploads\/2017\/11\/MBFO6026.jpg 800w\" sizes=\"(max-width: 584px) 100vw, 584px\" \/><\/a>&#8211; Tragkraftspritze TS8\/8<\/p>\n<p>&#8211; Saugschl\u00e4uche<\/p>\n<p>&#8211; Schwimmsaugkorb<\/p>\n<p>&#8211; LKW-Rettungsplattform<\/p>\n<p>&#8211; sonstiges Material<\/p>\n<p>&nbsp;<\/p>\n<p><strong>G2:<\/strong><\/p>\n<p><a href=\"http:\/\/www.ffwschwebheim.de\/?attachment_id=6664\" rel=\"attachment wp-att-6664\"><img decoding=\"async\" loading=\"lazy\" class=\"aligncenter size-large wp-image-6664\" title=\"MBFO6029\" src=\"http:\/\/www.ffwschwebheim.de\/wp-content\/uploads\/2017\/11\/MBFO6029-682x1024.jpg\" alt=\"\" width=\"584\" height=\"876\" srcset=\"https:\/\/www.ffwschwebheim.de\/wp-content\/uploads\/2017\/11\/MBFO6029-682x1024.jpg 682w, https:\/\/www.ffwschwebheim.de\/wp-content\/uploads\/2017\/11\/MBFO6029-200x300.jpg 200w, https:\/\/www.ffwschwebheim.de\/wp-content\/uploads\/2017\/11\/MBFO6029.jpg 800w\" sizes=\"(max-width: 584px) 100vw, 584px\" \/><\/a>&#8211; Handwerkzeug<\/p>\n<p>&#8211; Schlauchpaket mit Hohlstrahlrohr<\/p>\n<p>&#8211; Schlauchtragek\u00f6rbe<\/p>\n<p>&#8211; Spineboard<\/p>\n<p>&#8211; Kettens\u00e4ge mit Zubeh\u00f6r<\/p>\n<p>&#8211; sonstiges Material<\/p>\n<p>&nbsp;<\/p>\n<p><strong>Heck:<\/strong><\/p>\n<p><a href=\"http:\/\/www.ffwschwebheim.de\/?attachment_id=6666\" rel=\"attachment wp-att-6666\"><img decoding=\"async\" loading=\"lazy\" class=\"aligncenter size-large wp-image-6666\" title=\"MBFO6042\" src=\"http:\/\/www.ffwschwebheim.de\/wp-content\/uploads\/2017\/11\/MBFO6042-682x1024.jpg\" alt=\"\" width=\"584\" height=\"876\" srcset=\"https:\/\/www.ffwschwebheim.de\/wp-content\/uploads\/2017\/11\/MBFO6042-682x1024.jpg 682w, https:\/\/www.ffwschwebheim.de\/wp-content\/uploads\/2017\/11\/MBFO6042-200x300.jpg 200w, https:\/\/www.ffwschwebheim.de\/wp-content\/uploads\/2017\/11\/MBFO6042.jpg 800w\" sizes=\"(max-width: 584px) 100vw, 584px\" \/><\/a>&#8211; Hebeb\u00fchne<\/p>\n<p>&#8211; Heckwarneinrichtung<\/p>\n<p>&nbsp;<\/p>\n<p><strong>Standardbeladung Pritschenaufbau (kann v\u00f6llig flexibel entnommen\/getauscht werden):<\/strong><\/p>\n<p><span style=\"font-weight: 300;\">&#8211;\u00a0<\/span><strong><\/strong><span style=\"font-weight: 300;\">2000 Liter Wasserfass<\/span><\/p>\n<p>&#8211; 1x Rollcontainer Schlauch (500m)<\/p>\n<p>&#8211; 1x Rollcontainer R\u00fcstholz<\/p>\n<p>&#8211; 1x Rollcontainer Licht\/Strom<\/p>\n<p>&#8211; 1x Rollcontainer Rettungssatz, schwer, inklusive Greifzug<\/p>\n","protected":false},"excerpt":{"rendered":"<p>Ger\u00e4tewagen Logistik 2 (GW-L2) Unser GW-L2 wurde im Jahr 2012 nach einer eineinhalbj\u00e4hrigen Planungs- und Bauphase in Dienst gestellt. Der Ger\u00e4tewagen ist zur Bereitstellung von Material und Personal an einer Einsatzstelle vorgesehen. Das heisst, das der GW-L2 eher im Hintergrund &hellip; <a href=\"https:\/\/www.ffwschwebheim.de\/?page_id=6732\">Weiterlesen <span class=\"meta-nav\">&rarr;<\/span><\/a><\/p>\n","protected":false},"author":3,"featured_media":0,"parent":64,"menu_order":0,"comment_status":"closed","ping_status":"open","template":"","meta":[],"_links":{"self":[{"href":"https:\/\/www.ffwschwebheim.de\/index.php?rest_route=\/wp\/v2\/pages\/6732"}],"collection":[{"href":"https:\/\/www.ffwschwebheim.de\/index.php?rest_route=\/wp\/v2\/pages"}],"about":[{"href":"https:\/\/www.ffwschwebheim.de\/index.php?rest_route=\/wp\/v2\/types\/page"}],"author":[{"embeddable":true,"href":"https:\/\/www.ffwschwebheim.de\/index.php?rest_route=\/wp\/v2\/users\/3"}],"replies":[{"embeddable":true,"href":"https:\/\/www.ffwschwebheim.de\/index.php?rest_route=%2Fwp%2Fv2%2Fcomments&post=6732"}],"version-history":[{"count":10,"href":"https:\/\/www.ffwschwebheim.de\/index.php?rest_route=\/wp\/v2\/pages\/6732\/revisions"}],"predecessor-version":[{"id":6763,"href":"https:\/\/www.ffwschwebheim.de\/index.php?rest_route=\/wp\/v2\/pages\/6732\/revisions\/6763"}],"up":[{"embeddable":true,"href":"https:\/\/www.ffwschwebheim.de\/index.php?rest_route=\/wp\/v2\/pages\/64"}],"wp:attachment":[{"href":"https:\/\/www.ffwschwebheim.de\/index.php?rest_route=%2Fwp%2Fv2%2Fmedia&parent=6732"}],"curies":[{"name":"wp","href":"https:\/\/api.w.org\/{rel}","templated":true}]}}