{"id":6724,"date":"2017-11-20T22:22:11","date_gmt":"2017-11-20T20:22:11","guid":{"rendered":"http:\/\/www.ffwschwebheim.de\/?page_id=6724"},"modified":"2026-04-03T22:39:23","modified_gmt":"2026-04-03T20:39:23","slug":"tsf-l","status":"publish","type":"page","link":"https:\/\/www.ffwschwebheim.de\/?page_id=6724","title":{"rendered":"TSF-L"},"content":{"rendered":"<p><strong>Tragkraftspritzenfahrzeug Logistik TSF-L<\/strong><\/p>\n<p><a style=\"font-weight: 300;\" href=\"http:\/\/www.ffwschwebheim.de\/?attachment_id=6658\" rel=\"attachment wp-att-6658\"><img decoding=\"async\" loading=\"lazy\" class=\"aligncenter size-large wp-image-6658\" title=\"MBFO5358\" src=\"http:\/\/www.ffwschwebheim.de\/wp-content\/uploads\/2017\/11\/MBFO5358-1024x682.jpg\" alt=\"\" width=\"584\" height=\"388\" srcset=\"https:\/\/www.ffwschwebheim.de\/wp-content\/uploads\/2017\/11\/MBFO5358-1024x682.jpg 1024w, https:\/\/www.ffwschwebheim.de\/wp-content\/uploads\/2017\/11\/MBFO5358-300x200.jpg 300w, https:\/\/www.ffwschwebheim.de\/wp-content\/uploads\/2017\/11\/MBFO5358-450x300.jpg 450w, https:\/\/www.ffwschwebheim.de\/wp-content\/uploads\/2017\/11\/MBFO5358.jpg 1200w\" sizes=\"(max-width: 584px) 100vw, 584px\" \/><\/a><\/p>\n<p>Unser TSF-L wurde im Jahr 2017 in Dienst gestellt.<\/p>\n<p>Nach dem Defekt unseres alten LF8 wurde die Entscheidung getroffen, ein TSF-L zu beschaffen.<\/p>\n<p>Mit diesem Fahrzeug wird das bereits vorhandene Rollcontainer System weiter ausgebaut und kann noch flexibler und individueller auf das jeweilige Schadensereignis angepasst werden.<\/p>\n<p>Wie auch der GWL-2 besitzt das TSF-L eine Pritsche mit Hebeb\u00fchne, welche nach Bedarf mit Rollcontainern best\u00fcckt werden kann.<\/p>\n<p><a style=\"font-weight: 300;\" href=\"http:\/\/www.ffwschwebheim.de\/?attachment_id=6656\" rel=\"attachment wp-att-6656\"><img decoding=\"async\" loading=\"lazy\" class=\"aligncenter size-large wp-image-6656\" title=\"MBFO5322\" src=\"http:\/\/www.ffwschwebheim.de\/wp-content\/uploads\/2017\/11\/MBFO5322-1024x682.jpg\" alt=\"\" width=\"584\" height=\"388\" srcset=\"https:\/\/www.ffwschwebheim.de\/wp-content\/uploads\/2017\/11\/MBFO5322-1024x682.jpg 1024w, https:\/\/www.ffwschwebheim.de\/wp-content\/uploads\/2017\/11\/MBFO5322-300x200.jpg 300w, https:\/\/www.ffwschwebheim.de\/wp-content\/uploads\/2017\/11\/MBFO5322-450x300.jpg 450w, https:\/\/www.ffwschwebheim.de\/wp-content\/uploads\/2017\/11\/MBFO5322.jpg 1200w\" sizes=\"(max-width: 584px) 100vw, 584px\" \/><\/a><\/p>\n<p><span style=\"font-weight: 300;\">Ein wesentlicher Vorteil beim TSF-L ist allerdings seine Gr\u00f6\u00dfe. Es ist somit m\u00f6glich auch in engen Stra\u00dfen und Gassen problemlos zum Einsatzort vordringen zu k\u00f6nnen. Ausserdem gen\u00fcgt f\u00fcr das TSF-L der alte \u201e3er\u201c F\u00fchrerschein oder der sogenannte Feuerwehrf\u00fchrerschein, was zur Folge hat das dieses Fahrzeug von einem gr\u00f6\u00dferen Personenkreis bewegt werden kann. F\u00fcr \u00d6lspuren ist unser TSF-L als Erstangriffsfahrzeug gedacht, bei Br\u00e4nden und Verkehrsunf\u00e4llen r\u00fcckt es an zweiter Stelle aus.<\/span><\/p>\n<p><a href=\"http:\/\/www.ffwschwebheim.de\/?attachment_id=6660\" rel=\"attachment wp-att-6660\"><img decoding=\"async\" loading=\"lazy\" class=\"aligncenter size-large wp-image-6660\" title=\"MBFO5348\" src=\"http:\/\/www.ffwschwebheim.de\/wp-content\/uploads\/2017\/11\/MBFO5348-1024x682.jpg\" alt=\"\" width=\"584\" height=\"388\" srcset=\"https:\/\/www.ffwschwebheim.de\/wp-content\/uploads\/2017\/11\/MBFO5348-1024x682.jpg 1024w, https:\/\/www.ffwschwebheim.de\/wp-content\/uploads\/2017\/11\/MBFO5348-300x200.jpg 300w, https:\/\/www.ffwschwebheim.de\/wp-content\/uploads\/2017\/11\/MBFO5348-450x300.jpg 450w, https:\/\/www.ffwschwebheim.de\/wp-content\/uploads\/2017\/11\/MBFO5348.jpg 1200w\" sizes=\"(max-width: 584px) 100vw, 584px\" \/><\/a><\/p>\n<p><strong>Technische Daten:<\/strong><\/p>\n<p>Fahrgestell:\u00a0 \u00a0 \u00a0 \u00a0 \u00a0 \u00a0 \u00a0 \u00a0 Iveco Daily (205PS)<\/p>\n<p>Aufbauhersteller:\u00a0 \u00a0 \u00a0 \u00a0 Hensel<\/p>\n<p>Zul. Gesamtgewicht:\u00a0 7200kg<\/p>\n<p>Staffelkabine (6 Personen)<\/p>\n<p><strong>Beladung:<\/strong><\/p>\n<p><strong>Mannschaftsraum:<\/strong><\/p>\n<p>&#8211; Funkger\u00e4te, Handleuchten, sonstiges Material<\/p>\n<p>&#8211; Pumpenpositionierger\u00e4t (zur Ermittlung m\u00f6glicher Pumpenstandorte per GPS)<\/p>\n<p><strong>G1:\u00a0\u00a0\u00a0\u00a0\u00a0 <\/strong><\/p>\n<p><a href=\"http:\/\/www.ffwschwebheim.de\/?attachment_id=6655\" rel=\"attachment wp-att-6655\"><img decoding=\"async\" loading=\"lazy\" class=\"aligncenter size-large wp-image-6655\" title=\"MBFO5317\" src=\"http:\/\/www.ffwschwebheim.de\/wp-content\/uploads\/2017\/11\/MBFO5317-1024x682.jpg\" alt=\"\" width=\"584\" height=\"388\" srcset=\"https:\/\/www.ffwschwebheim.de\/wp-content\/uploads\/2017\/11\/MBFO5317-1024x682.jpg 1024w, https:\/\/www.ffwschwebheim.de\/wp-content\/uploads\/2017\/11\/MBFO5317-300x200.jpg 300w, https:\/\/www.ffwschwebheim.de\/wp-content\/uploads\/2017\/11\/MBFO5317-450x300.jpg 450w, https:\/\/www.ffwschwebheim.de\/wp-content\/uploads\/2017\/11\/MBFO5317.jpg 1200w\" sizes=\"(max-width: 584px) 100vw, 584px\" \/><\/a><\/p>\n<p>&#8211; Tragkraftspritze FPN 10\/1000<\/p>\n<p>&#8211; Saugschl\u00e4uche<\/p>\n<p>&#8211; sonstiges Material<\/p>\n<p><strong>G2:<\/strong><\/p>\n<p><a href=\"http:\/\/www.ffwschwebheim.de\/?attachment_id=6657\" rel=\"attachment wp-att-6657\"><img decoding=\"async\" loading=\"lazy\" class=\"aligncenter size-large wp-image-6657\" title=\"MBFO5336\" src=\"http:\/\/www.ffwschwebheim.de\/wp-content\/uploads\/2017\/11\/MBFO5336-1024x682.jpg\" alt=\"\" width=\"584\" height=\"388\" srcset=\"https:\/\/www.ffwschwebheim.de\/wp-content\/uploads\/2017\/11\/MBFO5336-1024x682.jpg 1024w, https:\/\/www.ffwschwebheim.de\/wp-content\/uploads\/2017\/11\/MBFO5336-300x200.jpg 300w, https:\/\/www.ffwschwebheim.de\/wp-content\/uploads\/2017\/11\/MBFO5336-450x300.jpg 450w, https:\/\/www.ffwschwebheim.de\/wp-content\/uploads\/2017\/11\/MBFO5336.jpg 1200w\" sizes=\"(max-width: 584px) 100vw, 584px\" \/><\/a><\/p>\n<p>&#8211; 4 Atemschutzger\u00e4te<\/p>\n<p>&#8211; LED Moon<\/p>\n<p>&#8211; Stromerzeuger<\/p>\n<p><strong>Heck:<\/strong><\/p>\n<p><a href=\"http:\/\/www.ffwschwebheim.de\/?attachment_id=6659\" rel=\"attachment wp-att-6659\"><img decoding=\"async\" loading=\"lazy\" class=\"aligncenter size-large wp-image-6659\" title=\"MBFO5367\" src=\"http:\/\/www.ffwschwebheim.de\/wp-content\/uploads\/2017\/11\/MBFO5367-682x1024.jpg\" alt=\"\" width=\"584\" height=\"876\" srcset=\"https:\/\/www.ffwschwebheim.de\/wp-content\/uploads\/2017\/11\/MBFO5367-682x1024.jpg 682w, https:\/\/www.ffwschwebheim.de\/wp-content\/uploads\/2017\/11\/MBFO5367-200x300.jpg 200w, https:\/\/www.ffwschwebheim.de\/wp-content\/uploads\/2017\/11\/MBFO5367.jpg 800w\" sizes=\"(max-width: 584px) 100vw, 584px\" \/><\/a><\/p>\n<p>&#8211; Hebeb\u00fchne<\/p>\n<p>&#8211; Heckwarneinrichtung<\/p>\n<p><strong>Standardbeladung Pritschenaufbau (kann v\u00f6llig flexibel entnommen\/getauscht werden):<\/strong><\/p>\n<p>&#8211; 1x Rollcontainer Dekon<\/p>\n<p>&#8211; 1\u00a0 Satz Biertischgarnituren<\/p>\n<p>&#8211; 1x Kehr\/Saugmaschine f\u00fcr \u00d6lspuren<\/p>\n<p>&#8211; 1x Rollcontainer Gitterbox mit Aufnahme f\u00fcr Tragkraftspritze<\/p>\n<p>&#8211; 1x Rollcontainer Verkehrsabsicherung<\/p>\n","protected":false},"excerpt":{"rendered":"<p>Tragkraftspritzenfahrzeug Logistik TSF-L Unser TSF-L wurde im Jahr 2017 in Dienst gestellt. Nach dem Defekt unseres alten LF8 wurde die Entscheidung getroffen, ein TSF-L zu beschaffen. Mit diesem Fahrzeug wird das bereits vorhandene Rollcontainer System weiter ausgebaut und kann noch &hellip; <a href=\"https:\/\/www.ffwschwebheim.de\/?page_id=6724\">Weiterlesen <span class=\"meta-nav\">&rarr;<\/span><\/a><\/p>\n","protected":false},"author":3,"featured_media":0,"parent":64,"menu_order":0,"comment_status":"closed","ping_status":"open","template":"","meta":[],"_links":{"self":[{"href":"https:\/\/www.ffwschwebheim.de\/index.php?rest_route=\/wp\/v2\/pages\/6724"}],"collection":[{"href":"https:\/\/www.ffwschwebheim.de\/index.php?rest_route=\/wp\/v2\/pages"}],"about":[{"href":"https:\/\/www.ffwschwebheim.de\/index.php?rest_route=\/wp\/v2\/types\/page"}],"author":[{"embeddable":true,"href":"https:\/\/www.ffwschwebheim.de\/index.php?rest_route=\/wp\/v2\/users\/3"}],"replies":[{"embeddable":true,"href":"https:\/\/www.ffwschwebheim.de\/index.php?rest_route=%2Fwp%2Fv2%2Fcomments&post=6724"}],"version-history":[{"count":11,"href":"https:\/\/www.ffwschwebheim.de\/index.php?rest_route=\/wp\/v2\/pages\/6724\/revisions"}],"predecessor-version":[{"id":9707,"href":"https:\/\/www.ffwschwebheim.de\/index.php?rest_route=\/wp\/v2\/pages\/6724\/revisions\/9707"}],"up":[{"embeddable":true,"href":"https:\/\/www.ffwschwebheim.de\/index.php?rest_route=\/wp\/v2\/pages\/64"}],"wp:attachment":[{"href":"https:\/\/www.ffwschwebheim.de\/index.php?rest_route=%2Fwp%2Fv2%2Fmedia&parent=6724"}],"curies":[{"name":"wp","href":"https:\/\/api.w.org\/{rel}","templated":true}]}}