{"id":1978,"date":"2012-12-01T21:48:40","date_gmt":"2012-12-01T21:48:40","guid":{"rendered":"http:\/\/www.ffwschwebheim.de\/?page_id=1978"},"modified":"2021-11-11T21:18:53","modified_gmt":"2021-11-11T19:18:53","slug":"mitglied-werden","status":"publish","type":"page","link":"https:\/\/www.ffwschwebheim.de\/?page_id=1978","title":{"rendered":"Mitglied werden"},"content":{"rendered":"<p><a href=\"http:\/\/www.ffwschwebheim.de\/?attachment_id=5382\" rel=\"attachment wp-att-5382\"><img decoding=\"async\" loading=\"lazy\" class=\"aligncenter size-large wp-image-5382\" title=\"Mitglied werden\" src=\"http:\/\/www.ffwschwebheim.de\/wp-content\/uploads\/2012\/12\/Mitglied-werden-1024x514.jpg\" alt=\"\" width=\"584\" height=\"293\" srcset=\"https:\/\/www.ffwschwebheim.de\/wp-content\/uploads\/2012\/12\/Mitglied-werden-1024x514.jpg 1024w, https:\/\/www.ffwschwebheim.de\/wp-content\/uploads\/2012\/12\/Mitglied-werden-300x150.jpg 300w, https:\/\/www.ffwschwebheim.de\/wp-content\/uploads\/2012\/12\/Mitglied-werden-500x251.jpg 500w, https:\/\/www.ffwschwebheim.de\/wp-content\/uploads\/2012\/12\/Mitglied-werden.jpg 1212w\" sizes=\"(max-width: 584px) 100vw, 584px\" \/><\/a><\/p>\n<p><span style=\"color: #ff0000;\"><strong>Warum\u00a0<\/strong><\/span><span style=\"font-weight: 300;\">Mitglied werden?<\/span><\/p>\n<p>Oftmals ist die Bev\u00f6lkerung der Meinung, \u201eihre\u201c Feuerwehr setzt sich aus hauptamtlichen, bezahlten Kr\u00e4ften zusammen, dies also ihr Beruf ist. Doch dies ist so nicht ganz richtig, nur ein kleiner Teil der Feuerwehren in Bayern wird von hauptamtlichen Kr\u00e4ften betrieben. Der Gro\u00dfteil der Wehren wird von Freiwilligen gebildet, von Menschen wie Du und ich, die sich hier ehrenamtlich engagieren. Durch diese Bereitschaft, anderen freiwillig und unentgeltlich zu helfen, tragen wir entscheidend zur Sicherheit und dem hohen Lebensstandard in unserem Land bei. Um dies auch weiterhin aufrechterhalten zu k\u00f6nnen, brauchen wir <span style=\"color: #ff0000;\"><strong>DICH!<\/strong><\/span><\/p>\n<p><span style=\"color: #ff0000;\"><strong>Was<\/strong><\/span>\u00a0sind die Beweggr\u00fcnde, einen Teil unserer Freizeit f\u00fcr das Allgemeinwohl zu opfern?<\/p>\n<p>An erster Stelle ist hier nat\u00fcrlich der Wille, anderen zu helfen, zu nennen, denn dies bildet die Kernaufgabe der Freiwilligen Feuerwehr. Dar\u00fcber hinaus bietet der Feuerwehrdienst die M\u00f6glichkeit, Teil einer tollen Gemeinschaft zu sein, bei der <span style=\"color: #ff0000;\"><strong>Kameradschaft<\/strong><\/span> gro\u00df geschrieben wird. Wenn man sich nicht vor neuen Kontakten scheut, technikinteressiert ist und dr\u00fcber hinaus eine sinnvolle Freizeitbesch\u00e4ftigung sucht, dann ist man bei uns genau richtig aufgehoben.<\/p>\n<p><span style=\"color: #ff0000;\"><strong>Wer\u00a0<\/strong><\/span>kann Mitglied werden?<\/p>\n<p>Mitglied der (<a title=\"Jugend\" href=\"http:\/\/www.ffwschwebheim.de\/?page_id=1940\">Jugendfeuerwehr<\/a>) kann jeder werden, der das 12. Lebensjahr vollendet hat. Um am aktiven Dienst teilzunehmen muss das 18. Lebensjahr vollendet sein. Generell sollte eine k\u00f6rperliche und gesundheitliche und geistige Eignung vorhanden sein. Aufgrund der Mehrbelastung bei gewissen Zusatzt\u00e4tigkeiten (z.B. Atemschutzger\u00e4tetr\u00e4ger) sind k\u00f6rperliche Fitness und weitergehende, gesundheitliche Eignung Voraussetzung, allerdings muss nicht jedes aktive Mitglied diese Zusatzt\u00e4tigkeiten wahrnehmen.<\/p>\n<p>Ansonsten ist der Feuerwehrdienst mit keinen weiteren Voraussetzungen verkn\u00fcpft. Jeder, unabh\u00e4ngig ob Frau oder Mann, egal welcher Abstammung, Herkunft oder Nationalit\u00e4t, ist bei uns jederzeit gerne willkommen. Eine bestimmte Berufsausbildung ist nicht erforderlich, bei uns sind s\u00e4mtliche Berufsgruppen, vom Schlosser, Kaufleuten, Ingenieuren bis zu Selbstst\u00e4ndigen vertreten. Eine feuerwehrtechnische Grundausbildung durchl\u00e4uft bei uns jeder, je nachdem, wie sehr man sich engagieren m\u00f6chte, besteht die M\u00f6glichkeit, weitere T\u00e4tigkeiten (Atemschutzger\u00e4tetr\u00e4ger, Maschinist, etc.) oder auch <span style=\"color: #ff0000;\"><strong>Verantwortung<\/strong><\/span> (z.B. Gruppenf\u00fchrer) zu \u00fcbernehmen. Hierzu werden entsprechende Lehrg\u00e4nge\/Schulungen\/ Ausbildungen angeboten.<\/p>\n<p><span style=\"color: #ff0000;\"><strong>Was\u00a0<\/strong><\/span>gilt f\u00fcr Mitglieder<\/p>\n<p>Der n\u00f6tige Zeitaufwand l\u00e4sst sich schwer pauschalisieren, dies ist abh\u00e4ngig, wie sehr man sich engagieren m\u00f6chte. Da zu jeder Tages- und Nachtzeit ein Notfall eintreten kann, halten sich die Angeh\u00f6rigen der Freiwilligen Feuerwehr 365 Tage im Jahr 24 Stunden am Tag bereit. Nat\u00fcrlich geht jeder w\u00e4hrend dieser Zeit seinen allt\u00e4glichen Dingen (z.B. Arbeit, Sport, etc.) nach, nur im Alarmfall beginnt dann der Dienst. Nat\u00fcrlich gibt es triftige Gr\u00fcnde(Urlaub, Krankheit, sonstige Verhinderungen), nicht an einem Einsatz teilzunehmen.<\/p>\n<p>Die Mitgliedschaft in der aktiven Feuerwehr ist <span style=\"text-decoration: underline; color: #ff0000;\">nicht<\/span> mit Kosten verbunden. Wir bekommen unsere professionelle Ausr\u00fcstung sowie unsere pers\u00f6nliche Schutzausr\u00fcstung komplett von der Gemeinde als Tr\u00e4ger der Feuerwehr gestellt. Auch die Kosten f\u00fcr die Aus- und Weiterbildung (u.a. auch LKW-F\u00fchrerschein) werden \u00fcbernommen. Es entstehen also keinerlei finanzielle Einbu\u00dfen, allerdings gibt es f\u00fcr diese ehrenamtliche T\u00e4tigkeit auch keine finanzielle Entlohnung. Lediglich die obligatorische Mitgliedschaft im Feuerwehrverein ist mit einem Mitgliedsbeitrag (5\u20ac Jahresbeitrag f\u00fcr aktive Feuerwehrleute) verbunden.<\/p>\n<p><span style=\"color: #ff0000;\"><strong>Wie\u00a0<\/strong><\/span>werde ich Mitglied?<\/p>\n<p>Haben wir Dein <span style=\"color: #ff0000;\"><strong>Interesse<\/strong><\/span> geweckt? Dann gibt es verschiedene Wege zu uns zu kommen. Entweder Du kommst direkt an einer \u00dcbung vorbei (<a title=\"Termine\" href=\"http:\/\/www.ffwschwebheim.de\/?page_id=85\">\u00dcbungsplan<\/a>)\u00a0oder du kontaktierst einfach unsere Kommandanten (<a href=\"mailto:FFWSchwebheim@googlemail.com\">FFWSchwebheim@googlemail.com<\/a>). Hier kannst du die <a href=\"http:\/\/www.ffwschwebheim.de\/files\/Beitrittserklaerung.pdf\" target=\"_blank\" rel=\"noopener noreferrer\">Beitrittserkl\u00e4rung<\/a> herunterladen.<\/p>\n<p><a href=\"http:\/\/www.ich-will-zur-feuerwehr.de\/\" target=\"_blank\" rel=\"noopener noreferrer\"><img decoding=\"async\" loading=\"lazy\" class=\"alignnone size-full wp-image-1979\" title=\"Webbanner_155x55_Flammen\" src=\"http:\/\/www.ffwschwebheim.de\/wp-content\/uploads\/2012\/12\/Webbanner_155x55_Flammen.jpg\" alt=\"\" width=\"610\" height=\"217\" srcset=\"https:\/\/www.ffwschwebheim.de\/wp-content\/uploads\/2012\/12\/Webbanner_155x55_Flammen.jpg 610w, https:\/\/www.ffwschwebheim.de\/wp-content\/uploads\/2012\/12\/Webbanner_155x55_Flammen-300x106.jpg 300w, https:\/\/www.ffwschwebheim.de\/wp-content\/uploads\/2012\/12\/Webbanner_155x55_Flammen-500x177.jpg 500w\" sizes=\"(max-width: 610px) 100vw, 610px\" \/><\/a><\/p>\n","protected":false},"excerpt":{"rendered":"<p>Warum\u00a0Mitglied werden? Oftmals ist die Bev\u00f6lkerung der Meinung, \u201eihre\u201c Feuerwehr setzt sich aus hauptamtlichen, bezahlten Kr\u00e4ften zusammen, dies also ihr Beruf ist. Doch dies ist so nicht ganz richtig, nur ein kleiner Teil der Feuerwehren in Bayern wird von hauptamtlichen &hellip; <a href=\"https:\/\/www.ffwschwebheim.de\/?page_id=1978\">Weiterlesen <span class=\"meta-nav\">&rarr;<\/span><\/a><\/p>\n","protected":false},"author":3,"featured_media":0,"parent":0,"menu_order":0,"comment_status":"closed","ping_status":"open","template":"","meta":[],"_links":{"self":[{"href":"https:\/\/www.ffwschwebheim.de\/index.php?rest_route=\/wp\/v2\/pages\/1978"}],"collection":[{"href":"https:\/\/www.ffwschwebheim.de\/index.php?rest_route=\/wp\/v2\/pages"}],"about":[{"href":"https:\/\/www.ffwschwebheim.de\/index.php?rest_route=\/wp\/v2\/types\/page"}],"author":[{"embeddable":true,"href":"https:\/\/www.ffwschwebheim.de\/index.php?rest_route=\/wp\/v2\/users\/3"}],"replies":[{"embeddable":true,"href":"https:\/\/www.ffwschwebheim.de\/index.php?rest_route=%2Fwp%2Fv2%2Fcomments&post=1978"}],"version-history":[{"count":9,"href":"https:\/\/www.ffwschwebheim.de\/index.php?rest_route=\/wp\/v2\/pages\/1978\/revisions"}],"predecessor-version":[{"id":8787,"href":"https:\/\/www.ffwschwebheim.de\/index.php?rest_route=\/wp\/v2\/pages\/1978\/revisions\/8787"}],"wp:attachment":[{"href":"https:\/\/www.ffwschwebheim.de\/index.php?rest_route=%2Fwp%2Fv2%2Fmedia&parent=1978"}],"curies":[{"name":"wp","href":"https:\/\/api.w.org\/{rel}","templated":true}]}}