{"id":1940,"date":"2012-11-25T19:38:02","date_gmt":"2012-11-25T19:38:02","guid":{"rendered":"http:\/\/www.ffwschwebheim.de\/?page_id=1940"},"modified":"2024-07-09T12:38:40","modified_gmt":"2024-07-09T10:38:40","slug":"jugend","status":"publish","type":"page","link":"https:\/\/www.ffwschwebheim.de\/?page_id=1940","title":{"rendered":"Jugend"},"content":{"rendered":"<p><img decoding=\"async\" loading=\"lazy\" class=\"aligncenter size-full wp-image-9417\" src=\"http:\/\/www.ffwschwebheim.de\/wp-content\/uploads\/2024\/07\/Gruppenfoto-Jugend-2024.jpeg\" alt=\"\" width=\"1200\" height=\"800\" srcset=\"https:\/\/www.ffwschwebheim.de\/wp-content\/uploads\/2024\/07\/Gruppenfoto-Jugend-2024.jpeg 1200w, https:\/\/www.ffwschwebheim.de\/wp-content\/uploads\/2024\/07\/Gruppenfoto-Jugend-2024-300x200.jpeg 300w, https:\/\/www.ffwschwebheim.de\/wp-content\/uploads\/2024\/07\/Gruppenfoto-Jugend-2024-1024x683.jpeg 1024w, https:\/\/www.ffwschwebheim.de\/wp-content\/uploads\/2024\/07\/Gruppenfoto-Jugend-2024-768x512.jpeg 768w, https:\/\/www.ffwschwebheim.de\/wp-content\/uploads\/2024\/07\/Gruppenfoto-Jugend-2024-450x300.jpeg 450w\" sizes=\"(max-width: 1200px) 100vw, 1200px\" \/><\/p>\n<p>Die Jugendfeuerwehr ist Teil der Freiwilligen Feuerwehr Schwebheim, die ehrenamtlich f\u00fcr die Sicherheit der Schwebheimer B\u00fcrger Dienst leistet.<\/p>\n<p>Ziel der Jugendfeuerwehr ist es:<\/p>\n<p><span style=\"font-weight: 300;\">\u25baDen Nachwuchs f\u00fcr die Freiwillige Feuerwehr Schwebheim sicher zu stellen.<\/span><\/p>\n<p>\u25baDen Jugendlichen eine sinnvolle Freizeitbesch\u00e4ftigung zu bieten.<\/p>\n<p>\u25baSie in ihrem pers\u00f6nlichen und sozialen Engagement zu st\u00e4rken.<\/p>\n<p>\u25baIhnen Grundkenntnisse in der Brandbek\u00e4mpfung, der Technischen Hilfeleistung und der Ersten Hilfe zu vermitteln.<\/p>\n<p><span style=\"font-weight: 300;\">Das Eintrittsalter f\u00fcr die Jugendfeuerwehr liegt bei 12 Jahren.\u00a0<\/span><span style=\"font-weight: 300;\">Die Jugendlichen werden von Ausbildern betreut, die Erfahrungen sowohl in der Jugendarbeit als auch im feuerwehrtechnischen Bereich haben.\u00a0<\/span><span style=\"font-weight: 300;\">Die Mitgliedschaft in der Jugendfeuerwehr ist kostenlos, auch die Uniform wird unentgeltlich zur Verf\u00fcgung gestellt.\u00a0<\/span><\/p>\n<p>Mit 16 Jahren besteht dann die M\u00f6glichkeit die modulare Truppausbildung (Grundausbildung eines jeden Feuerwehrdienstleistenden) zu besuchen und dann mit 18 Jahren in die Freiwillige Feuerwehr \u00fcberzutreten.<\/p>\n<p>Ab 18 Jahre k\u00f6nnen dann ebenfalls Aufbaulehrg\u00e4nge besucht werden, um weitere Qualifikationen zu erlangen (z.B. Atemschutzger\u00e4tetr\u00e4ger, Gruppenf\u00fchrer usw.).<\/p>\n<p><a style=\"font-weight: 300;\" href=\"http:\/\/www.ffwschwebheim.de\/?attachment_id=6335\" rel=\"attachment wp-att-6335\"><img decoding=\"async\" loading=\"lazy\" class=\"aligncenter size-full wp-image-6335\" title=\"Jugend2017_2\" src=\"http:\/\/www.ffwschwebheim.de\/wp-content\/uploads\/2012\/11\/Jugend2017_2.jpg\" alt=\"\" width=\"640\" height=\"640\" srcset=\"https:\/\/www.ffwschwebheim.de\/wp-content\/uploads\/2012\/11\/Jugend2017_2.jpg 640w, https:\/\/www.ffwschwebheim.de\/wp-content\/uploads\/2012\/11\/Jugend2017_2-150x150.jpg 150w, https:\/\/www.ffwschwebheim.de\/wp-content\/uploads\/2012\/11\/Jugend2017_2-300x300.jpg 300w\" sizes=\"(max-width: 640px) 100vw, 640px\" \/><\/a><\/p>\n<p><span style=\"font-weight: 300;\">\u00a0<\/span><\/p>\n<p align=\"center\"><strong>Jugendfeuerwehr Schwebheim \u2013 was machen wir?<\/strong><\/p>\n<p><span style=\"font-weight: 300;\">Inhalt unserer Jugendarbeit ist zum einen der feuerwehrtechnische Teil, in dem wir die Jugendlichen auf den sp\u00e4teren Feuerwehrdienst vorbereiten. So wird beispielsweise die Handhabung von Ger\u00e4ten und Material, sowie die Aufgabenverteilung innerhalb der Mannschaft erkl\u00e4rt und ge\u00fcbt. \u00a0<\/span><\/p>\n<p>Des Weiteren nehmen wir auch an Wettk\u00e4mpfen wie den Bundesjugendwettkampf teil und legen Pr\u00fcfungen ab\u00a0 wie z.B. die Jugendleistungspr\u00fcfung, Wissenstest und Jugendflamme.<\/p>\n<p>Auch gestalten wir \u00a0Freizeitaktivit\u00e4ten, je nach Interesse der Jugendlichen z.B. gemeinsames Kart fahren, Zeltlager, Klettern oder Besuche von Berufs-, Werk-, und Flughafenfeuerwehren.<\/p>\n<p align=\"center\"><strong>Interesse?<\/strong><\/p>\n<p><span style=\"font-weight: 300;\">Dann komm doch einfach bei einer unserer \u00dcbungen vorbei oder melde dich bei einem der Jugendwarte oder Kommandanten.<\/span><\/p>\n<p>Die Kontaktdaten der Verantwortlichen und die \u00dcbungstermine findest du hier auf unserer Homepage, oder besuch doch einfach unsere Jugendfeuerwehrseite auf (<a href=\"https:\/\/www.facebook.com\/jugendfeuerwehrschwebheim\/\" target=\"_blank\" rel=\"noopener\">Facebook<\/a>) oder Instagram. Dort findest du auch die aktuellen \u00dcbungstermine unserer Jugend!<\/p>\n<p>Wir freuen uns auf dich, denn wir sind eine starke Gemeinschaft und auch du kannst Teil davon werden! <strong>MACH MIT!<\/strong><\/p>\n<p style=\"text-align: center;\"><strong>Dein Ansprechpartner<\/strong><\/p>\n<p style=\"text-align: center;\"><img decoding=\"async\" loading=\"lazy\" class=\"aligncenter  wp-image-9421\" src=\"http:\/\/www.ffwschwebheim.de\/wp-content\/uploads\/2024\/07\/marvin-nardelli-1.jpg\" alt=\"\" width=\"384\" height=\"455\" \/>Marvin Nardelli<br \/>\nJugendwart<br \/>\n+49 151 40388297<\/p>\n<p>\u00a0<span style=\"font-weight: 300;\">\u00a0<\/span><\/p>\n<p><a style=\"font-weight: 300;\" href=\"http:\/\/www.ich-will-zur-jugendfeuerwehr.de\" target=\"_blank\" rel=\"noopener\"><img decoding=\"async\" loading=\"lazy\" class=\"alignnone size-full wp-image-1975\" title=\"LFVN_E-Mail-Banner_Ma\u00a6\u00eadchen_Junge\" src=\"http:\/\/www.ffwschwebheim.de\/wp-content\/uploads\/2012\/11\/LFVN_E-Mail-Banner_Ma\u00a6\u00eadchen_Junge.jpg\" alt=\"\" width=\"879\" height=\"312\" srcset=\"https:\/\/www.ffwschwebheim.de\/wp-content\/uploads\/2012\/11\/LFVN_E-Mail-Banner_Ma\u00a6\u00eadchen_Junge.jpg 879w, https:\/\/www.ffwschwebheim.de\/wp-content\/uploads\/2012\/11\/LFVN_E-Mail-Banner_Ma\u00a6\u00eadchen_Junge-300x106.jpg 300w, https:\/\/www.ffwschwebheim.de\/wp-content\/uploads\/2012\/11\/LFVN_E-Mail-Banner_Ma\u00a6\u00eadchen_Junge-500x177.jpg 500w\" sizes=\"(max-width: 879px) 100vw, 879px\" \/><\/a><\/p>\n","protected":false},"excerpt":{"rendered":"<p>Die Jugendfeuerwehr ist Teil der Freiwilligen Feuerwehr Schwebheim, die ehrenamtlich f\u00fcr die Sicherheit der Schwebheimer B\u00fcrger Dienst leistet. Ziel der Jugendfeuerwehr ist es: \u25baDen Nachwuchs f\u00fcr die Freiwillige Feuerwehr Schwebheim sicher zu stellen. \u25baDen Jugendlichen eine sinnvolle Freizeitbesch\u00e4ftigung zu bieten. &hellip; <a href=\"https:\/\/www.ffwschwebheim.de\/?page_id=1940\">Weiterlesen <span class=\"meta-nav\">&rarr;<\/span><\/a><\/p>\n","protected":false},"author":3,"featured_media":0,"parent":0,"menu_order":0,"comment_status":"closed","ping_status":"open","template":"","meta":[],"_links":{"self":[{"href":"https:\/\/www.ffwschwebheim.de\/index.php?rest_route=\/wp\/v2\/pages\/1940"}],"collection":[{"href":"https:\/\/www.ffwschwebheim.de\/index.php?rest_route=\/wp\/v2\/pages"}],"about":[{"href":"https:\/\/www.ffwschwebheim.de\/index.php?rest_route=\/wp\/v2\/types\/page"}],"author":[{"embeddable":true,"href":"https:\/\/www.ffwschwebheim.de\/index.php?rest_route=\/wp\/v2\/users\/3"}],"replies":[{"embeddable":true,"href":"https:\/\/www.ffwschwebheim.de\/index.php?rest_route=%2Fwp%2Fv2%2Fcomments&post=1940"}],"version-history":[{"count":24,"href":"https:\/\/www.ffwschwebheim.de\/index.php?rest_route=\/wp\/v2\/pages\/1940\/revisions"}],"predecessor-version":[{"id":9423,"href":"https:\/\/www.ffwschwebheim.de\/index.php?rest_route=\/wp\/v2\/pages\/1940\/revisions\/9423"}],"wp:attachment":[{"href":"https:\/\/www.ffwschwebheim.de\/index.php?rest_route=%2Fwp%2Fv2%2Fmedia&parent=1940"}],"curies":[{"name":"wp","href":"https:\/\/api.w.org\/{rel}","templated":true}]}}