{"id":6995,"date":"2018-01-31T23:08:16","date_gmt":"2018-01-31T21:08:16","guid":{"rendered":"http:\/\/www.ffwschwebheim.de\/?page_id=6995"},"modified":"2025-07-02T11:49:57","modified_gmt":"2025-07-02T09:49:57","slug":"kinderfeuerwehr","status":"publish","type":"page","link":"http:\/\/www.ffwschwebheim.de\/?page_id=6995","title":{"rendered":"Kinderfeuerwehr"},"content":{"rendered":"<div class=\"wp-block-image\">\n<figure class=\"aligncenter\"><a href=\"http:\/\/www.ffwschwebheim.de\/?attachment_id=7022\" rel=\"attachment wp-att-7022\"><img decoding=\"async\" loading=\"lazy\" width=\"1024\" height=\"614\" src=\"http:\/\/www.ffwschwebheim.de\/wp-content\/uploads\/2018\/01\/kfw_logo_standard-1024x614.jpg\" alt=\"\" class=\"wp-image-7022\" title=\"kfw_logo_standard\" srcset=\"http:\/\/www.ffwschwebheim.de\/wp-content\/uploads\/2018\/01\/kfw_logo_standard-1024x614.jpg 1024w, http:\/\/www.ffwschwebheim.de\/wp-content\/uploads\/2018\/01\/kfw_logo_standard-300x179.jpg 300w, http:\/\/www.ffwschwebheim.de\/wp-content\/uploads\/2018\/01\/kfw_logo_standard-500x300.jpg 500w, http:\/\/www.ffwschwebheim.de\/wp-content\/uploads\/2018\/01\/kfw_logo_standard.jpg 1182w\" sizes=\"(max-width: 1024px) 100vw, 1024px\" \/><\/a><\/figure><\/div>\n\n\n<p><strong>Kinderfeuerwehr Schwebheim <\/strong>&#8211;<strong> Ein Ort f\u00fcr Teamgeist, Neugierde &amp; Abenteuer<\/strong><\/p>\n\n\n\n<p><strong>Feuerwehr hautnah erleben-<\/strong> das erm\u00f6glicht die Kinderfeuerwehr Schwebheim ihren j\u00fcngsten Mitgliedern. Seit Ihrer Gr\u00fcndung im Januar 2018 ist sie ein Ort f\u00fcr Neugierde, Teamgeist und spannende Abenteuer.<\/p>\n\n\n<div class=\"wp-block-image\">\n<figure class=\"aligncenter size-large is-resized\"><img decoding=\"async\" loading=\"lazy\" src=\"http:\/\/www.ffwschwebheim.de\/wp-content\/uploads\/2025\/07\/FB_IMG_1751137880492-1-724x1024.jpg\" alt=\"\" class=\"wp-image-9574\" width=\"-110\" height=\"-146\" srcset=\"http:\/\/www.ffwschwebheim.de\/wp-content\/uploads\/2025\/07\/FB_IMG_1751137880492-1-724x1024.jpg 724w, http:\/\/www.ffwschwebheim.de\/wp-content\/uploads\/2025\/07\/FB_IMG_1751137880492-1-212x300.jpg 212w, http:\/\/www.ffwschwebheim.de\/wp-content\/uploads\/2025\/07\/FB_IMG_1751137880492-1-768x1087.jpg 768w, http:\/\/www.ffwschwebheim.de\/wp-content\/uploads\/2025\/07\/FB_IMG_1751137880492-1.jpg 848w\" sizes=\"(max-width: 724px) 100vw, 724px\" \/><figcaption class=\"wp-element-caption\">Gr\u00fcndungsurkunde <\/figcaption><\/figure><\/div>\n\n<div class=\"wp-block-image\">\n<figure class=\"aligncenter is-resized\"><a href=\"http:\/\/www.ffwschwebheim.de\/?attachment_id=6998\" rel=\"attachment wp-att-6998\"><img decoding=\"async\" loading=\"lazy\" src=\"http:\/\/www.ffwschwebheim.de\/wp-content\/uploads\/2018\/01\/IMG_9096-1024x768.jpg\" alt=\"\" class=\"wp-image-6998\" width=\"-154\" height=\"-113\" title=\"IMG_9096\" srcset=\"http:\/\/www.ffwschwebheim.de\/wp-content\/uploads\/2018\/01\/IMG_9096-1024x768.jpg 1024w, http:\/\/www.ffwschwebheim.de\/wp-content\/uploads\/2018\/01\/IMG_9096-300x225.jpg 300w, http:\/\/www.ffwschwebheim.de\/wp-content\/uploads\/2018\/01\/IMG_9096-400x300.jpg 400w, http:\/\/www.ffwschwebheim.de\/wp-content\/uploads\/2018\/01\/IMG_9096.jpg 1920w\" sizes=\"(max-width: 1024px) 100vw, 1024px\" \/><\/a><figcaption class=\"wp-element-caption\">Betreuerteam 2018<\/figcaption><\/figure><\/div>\n\n\n<p>Aktuell nehmen 21 Kinder im Alter von 6 bis 12 Jahren an den Gruppenstunden teil. Hier lernen die Kinder auf spielerische Weise die Grundlagen der Feuerwehrarbeit kennen. Neben praktischen \u00dcbungen stehen auch wichtige Themen wie Erste Hilfe, Teamarbeit und Verantwortung auf dem Programm.<\/p>\n\n\n<div class=\"wp-block-image\">\n<figure class=\"aligncenter size-large is-resized\"><img decoding=\"async\" loading=\"lazy\" src=\"https:\/\/www.ffwschwebheim.de\/wp-content\/uploads\/2025\/06\/Sennfeld-1024x577.jpg\" alt=\"\" class=\"wp-image-9567\" width=\"500\" height=\"281\" srcset=\"http:\/\/www.ffwschwebheim.de\/wp-content\/uploads\/2025\/06\/Sennfeld-1024x577.jpg 1024w, http:\/\/www.ffwschwebheim.de\/wp-content\/uploads\/2025\/06\/Sennfeld-300x169.jpg 300w, http:\/\/www.ffwschwebheim.de\/wp-content\/uploads\/2025\/06\/Sennfeld-768x433.jpg 768w, http:\/\/www.ffwschwebheim.de\/wp-content\/uploads\/2025\/06\/Sennfeld-500x282.jpg 500w, http:\/\/www.ffwschwebheim.de\/wp-content\/uploads\/2025\/06\/Sennfeld.jpg 1200w\" sizes=\"(max-width: 500px) 100vw, 500px\" \/><figcaption class=\"wp-element-caption\">2. Kinderfeuerwehraktionstag in Sennfeld<\/figcaption><\/figure><\/div>\n\n\n<p>Die regelm\u00e4\u00dfigen \u00dcbungen finden alle 14 Tage statt und dauern jeweils 90 Minuten.<\/p>\n\n\n\n<p>Das Team der Kinderfeuerwehr wird von acht engagierten Betreuern geleitet, die mit viel Herzblut und Fachwissen die \u00dcbungen und Aktivit\u00e4ten planen.<\/p>\n\n\n<div class=\"wp-block-image\">\n<figure class=\"aligncenter size-large is-resized\"><img decoding=\"async\" loading=\"lazy\" src=\"http:\/\/www.ffwschwebheim.de\/wp-content\/uploads\/2025\/07\/IMG-20250629-WA0021-1024x707.jpg\" alt=\"\" class=\"wp-image-9573\" width=\"-3\" height=\"0\" srcset=\"http:\/\/www.ffwschwebheim.de\/wp-content\/uploads\/2025\/07\/IMG-20250629-WA0021-1024x707.jpg 1024w, http:\/\/www.ffwschwebheim.de\/wp-content\/uploads\/2025\/07\/IMG-20250629-WA0021-300x207.jpg 300w, http:\/\/www.ffwschwebheim.de\/wp-content\/uploads\/2025\/07\/IMG-20250629-WA0021-768x530.jpg 768w, http:\/\/www.ffwschwebheim.de\/wp-content\/uploads\/2025\/07\/IMG-20250629-WA0021-435x300.jpg 435w, http:\/\/www.ffwschwebheim.de\/wp-content\/uploads\/2025\/07\/IMG-20250629-WA0021.jpg 1200w\" sizes=\"(max-width: 1024px) 100vw, 1024px\" \/><figcaption class=\"wp-element-caption\">aktuelle Betreuerteam 2025<\/figcaption><\/figure><\/div>\n\n\n<p class=\"has-text-align-center\"><strong>Dein Ansprechpartner<\/strong><\/p>\n\n\n<div class=\"wp-block-image\">\n<figure class=\"aligncenter\"><a href=\"http:\/\/www.ffwschwebheim.de\/?attachment_id=5774\" rel=\"attachment wp-att-5774\"><img decoding=\"async\" loading=\"lazy\" width=\"300\" height=\"270\" src=\"http:\/\/www.ffwschwebheim.de\/wp-content\/uploads\/2016\/10\/Harald-Bo\u0308hm-300x270.jpg\" alt=\"\" class=\"wp-image-5774\" title=\"Harald Bo\u0308hm\" srcset=\"http:\/\/www.ffwschwebheim.de\/wp-content\/uploads\/2016\/10\/Harald-Bo\u0308hm-300x270.jpg 300w, http:\/\/www.ffwschwebheim.de\/wp-content\/uploads\/2016\/10\/Harald-Bo\u0308hm-332x300.jpg 332w, http:\/\/www.ffwschwebheim.de\/wp-content\/uploads\/2016\/10\/Harald-Bo\u0308hm.jpg 1000w\" sizes=\"(max-width: 300px) 100vw, 300px\" \/><\/a><\/figure><\/div>\n\n\n<p class=\"has-text-align-center\">Harald B\u00f6hm<br>Leiter Kinderfeuerwehr<br>09723 \/ 4698<\/p>\n\n\n\n<p><a title=\"LFV-Bayern\" rel=\"noopener noreferrer\" href=\"https:\/\/www.lfv-bayern.de\/informationen\/kinderfeuerwehr\/\" target=\"_blank\">Information des LFV-Bayern zum Thema Kinderfeuerwehr<\/a><\/p>\n\n\n\n<p class=\"has-text-align-center\"><\/p>\n\n\n\n<p><\/p>\n\n\n\n<p><\/p>\n","protected":false},"excerpt":{"rendered":"<p>Kinderfeuerwehr Schwebheim &#8211; Ein Ort f\u00fcr Teamgeist, Neugierde &amp; Abenteuer Feuerwehr hautnah erleben- das erm\u00f6glicht die Kinderfeuerwehr Schwebheim ihren j\u00fcngsten Mitgliedern. Seit Ihrer Gr\u00fcndung im Januar 2018 ist sie ein Ort f\u00fcr Neugierde, Teamgeist und spannende Abenteuer. Aktuell nehmen 21 &hellip; <a href=\"http:\/\/www.ffwschwebheim.de\/?page_id=6995\">Weiterlesen <span class=\"meta-nav\">&rarr;<\/span><\/a><\/p>\n","protected":false},"author":3,"featured_media":0,"parent":0,"menu_order":0,"comment_status":"closed","ping_status":"open","template":"","meta":[],"_links":{"self":[{"href":"http:\/\/www.ffwschwebheim.de\/index.php?rest_route=\/wp\/v2\/pages\/6995"}],"collection":[{"href":"http:\/\/www.ffwschwebheim.de\/index.php?rest_route=\/wp\/v2\/pages"}],"about":[{"href":"http:\/\/www.ffwschwebheim.de\/index.php?rest_route=\/wp\/v2\/types\/page"}],"author":[{"embeddable":true,"href":"http:\/\/www.ffwschwebheim.de\/index.php?rest_route=\/wp\/v2\/users\/3"}],"replies":[{"embeddable":true,"href":"http:\/\/www.ffwschwebheim.de\/index.php?rest_route=%2Fwp%2Fv2%2Fcomments&post=6995"}],"version-history":[{"count":46,"href":"http:\/\/www.ffwschwebheim.de\/index.php?rest_route=\/wp\/v2\/pages\/6995\/revisions"}],"predecessor-version":[{"id":9576,"href":"http:\/\/www.ffwschwebheim.de\/index.php?rest_route=\/wp\/v2\/pages\/6995\/revisions\/9576"}],"wp:attachment":[{"href":"http:\/\/www.ffwschwebheim.de\/index.php?rest_route=%2Fwp%2Fv2%2Fmedia&parent=6995"}],"curies":[{"name":"wp","href":"https:\/\/api.w.org\/{rel}","templated":true}]}}