{"id":1918,"date":"2012-11-25T18:53:42","date_gmt":"2012-11-25T18:53:42","guid":{"rendered":"http:\/\/www.ffwschwebheim.de\/?page_id=1918"},"modified":"2013-09-30T18:33:20","modified_gmt":"2013-09-30T18:33:20","slug":"veranstaltungen","status":"publish","type":"page","link":"http:\/\/www.ffwschwebheim.de\/?page_id=1918","title":{"rendered":"Veranstaltungen"},"content":{"rendered":"<p><span style=\"text-decoration: underline;\"><strong>Regelm\u00e4\u00dfige Veranstaltungen Feuerwehrverein<\/strong><\/span><\/p>\n<p><strong>Jahreshauptversammlung<\/strong><\/p>\n<p>Termin: Erster oder zweiter Samstag im Jahr<\/p>\n<p>Gem\u00e4\u00df \u00a712 der Satzung ist jedes Jahr eine Jahreshauptversammlung abzuhalten. Diese ist zust\u00e4ndig f\u00fcr die Entgegennahme des Jahresberichts, Entlastung der Vorstandschaft, Festsetzung des Jahresbeitrags, Wahl und Abberufung der Mitglieder des Vorstands und der Kassenpr\u00fcfer und die Ernennung von Ehrenmitgliedern.<\/p>\n<p>&nbsp;<\/p>\n<p><strong>Faschingstanz<\/strong><\/p>\n<p>Termin: Faschingssamstag<\/p>\n<p>Seit einigen Jahren wird zusammen mit dem Gesangverein Schwebheim (der sich aus der Feuerwehr heraus gegr\u00fcndet hat) ein Faschingstanz veranstaltet. Im oberen Saal des B\u00fcrgerhauses haben die J\u00e4cken die M\u00f6glichkeit ihr Tanzbein schwingen zu lassen und dem n\u00e4rrischen Treiben zu fr\u00f6nen.<\/p>\n<p>&nbsp;<\/p>\n<p><strong>Ausflug<\/strong><\/p>\n<p>Termin: Christi Himmelfahrt<\/p>\n<p>Zusammen mit den Familien wird jedes Jahr ein Tagesausflug mit dem Bus durchgef\u00fchrt. Das genaue Programm wird ein bis zwei Monate vorher bekanntgegeben.<\/p>\n<p>&nbsp;<\/p>\n<p><strong>Feuerwehrfest<\/strong><\/p>\n<p>Termin: Erstes Wochenende im August<\/p>\n<p>Die gr\u00f6\u00dfte Veranstaltung ist nat\u00fcrlich unser Feuerwehrfest. Am Samstag beginnt es in der Regel um 16:00 Uhr. In den Abendstunden sorgt eine lokale Band f\u00fcr Stimmung. Der Sonntag beginnt traditionell mit dem Wei\u00dfwurstfr\u00fchst\u00fcck, das vom Musikverein Schwbheim musikalisch umrahmt wird. Der Tag klingt mit den Kl\u00e4ngen eines Alleinunterhalters oder eines Duo&#8217;s aus.<\/p>\n<p>&nbsp;<\/p>\n<p><strong>Schlachtsch\u00fcssel<\/strong><\/p>\n<p>Termin: Samstag vor dem Totensonntag (Sonntag vor dem 1.Advent)<\/p>\n<p>Die traditionelle Schweinfurter Schlachtsch\u00fcssel vom Brett ist das Highlight des Jahres f\u00fcr &#8222;eingefleischte&#8220; Kenner. Viele k\u00f6nnen es gar nicht erwarten und melden sich schon weit vor dem eigentlichen Anmeldebeginn an und sind schon Stunden vor der &#8222;Sau&#8220; da, um die besten Pl\u00e4tze zu besetzen.<\/p>\n<p>&nbsp;<\/p>\n<p><strong>Waddelturnier<\/strong><\/p>\n<p>Termin: Gr\u00fcndonnerstag und ein Samstag im Oktober<\/p>\n<p>Als j\u00fcngstes Mitglied im Geschehen mausert sich unser Waddelturnier gerade zu einer sehr beliebten Veranstaltung. Gespielt wird mit Wettkampf-Charakter, jedoch steht auch der Spa\u00df im Vordergrund. Damit es keine traurigen Verlierer gibt, bekommt der Spieler, der den letzten Platz belegt, als Trostpreis eine Kokosnuss.<\/p>\n<p>&nbsp;<\/p>\n<p><strong>Weihnachtsessen<\/strong><\/p>\n<p>Termin: 4.Advent<\/p>\n<p>Zum Abschluss des Jahres treffen sich die aktiven Wehrleute mit ihren Familien in der Vorweihnachtszeit im Arkadensaal des B\u00fcrgerhauses zum Weihnachtsessen.<\/p>\n<p>&nbsp;<\/p>\n<p><span style=\"text-decoration: underline;\"><strong>Regelm\u00e4\u00dfige Veranstaltung aktive Wehr<\/strong><\/span><\/p>\n<p><strong>Jahresdienstversammlung<\/strong><\/p>\n<p>Termin: Zeitgleich mit der Jahreshauptversammlung des Feuerwehrvereins<\/p>\n<p>In der Jahresdienstversammlung werden die Eins\u00e4tze des vergangenen Jahres besprochen und ein Ausblick auf das neue Jahr gegeben. Au\u00dferdem werden 1.Kommandant, dessen Stellvertreter und die Gruppenf\u00fchrer gew\u00e4hlt.<\/p>\n<p>&nbsp;<\/p>\n<p><strong>Feuerwehrsport<\/strong><\/p>\n<p>Termin: Jeden Freitag (au\u00dfer an Feiertagen)<\/p>\n<p>Saison: Erntedankfest bis ca. Mai<\/p>\n<p>Zum Einklang ins Wochenende wird in den Abendstunden ab 20:00 Uhr in der Turnhalle der Grundschule eine \u00a0Sportstunde angehalten. Dabei wird zun\u00e4chst Volleyball und anschlie\u00dfend Fu\u00dfball gespielt. Die Regeln des Volleyballs folgen ehernen Traditionen, die von neuen Teilnehmern erstmal verinnerlicht werden m\u00fcssen. Im Anschlu\u00df an den Sport entspannen sich die Teilnehmer im Schwimmbad der Grundschule.<\/p>\n<p>&nbsp;<\/p>\n<p><strong>Leistungsabzeichen<\/strong><\/p>\n<p>Termin: Fr\u00fchjahr<\/p>\n<p>Jedes Jahr stellt die aktive Wehr ihr K\u00f6nnen beim Leistungsabzeichen unter Beweis. Nach dreiw\u00f6chigem \u00dcben kommt es dann in der Regel an einem Samstag zur Abnahme der Leistungspr\u00fcfung. Bei erfolgreicher Abnahme erh\u00e4lt jeder Teilnehmer das Leistungsabzeichen. Dieses ist in 6 Stufen unterteilt. Nach jeder erfolgreichen Abnahme erh\u00e4lt der Teilnehmer die n\u00e4chste Stufe. Es wird von Jahr zu Jahr abwechselnd die Wasser- und die Technische-Hilfeleistungs-Pr\u00fcfung abgelegt.<\/p>\n<p>&nbsp;<\/p>\n","protected":false},"excerpt":{"rendered":"<p>Regelm\u00e4\u00dfige Veranstaltungen Feuerwehrverein Jahreshauptversammlung Termin: Erster oder zweiter Samstag im Jahr Gem\u00e4\u00df \u00a712 der Satzung ist jedes Jahr eine Jahreshauptversammlung abzuhalten. Diese ist zust\u00e4ndig f\u00fcr die Entgegennahme des Jahresberichts, Entlastung der Vorstandschaft, Festsetzung des Jahresbeitrags, Wahl und Abberufung der Mitglieder &hellip; <a href=\"http:\/\/www.ffwschwebheim.de\/?page_id=1918\">Weiterlesen <span class=\"meta-nav\">&rarr;<\/span><\/a><\/p>\n","protected":false},"author":3,"featured_media":0,"parent":0,"menu_order":0,"comment_status":"closed","ping_status":"open","template":"","meta":[],"_links":{"self":[{"href":"http:\/\/www.ffwschwebheim.de\/index.php?rest_route=\/wp\/v2\/pages\/1918"}],"collection":[{"href":"http:\/\/www.ffwschwebheim.de\/index.php?rest_route=\/wp\/v2\/pages"}],"about":[{"href":"http:\/\/www.ffwschwebheim.de\/index.php?rest_route=\/wp\/v2\/types\/page"}],"author":[{"embeddable":true,"href":"http:\/\/www.ffwschwebheim.de\/index.php?rest_route=\/wp\/v2\/users\/3"}],"replies":[{"embeddable":true,"href":"http:\/\/www.ffwschwebheim.de\/index.php?rest_route=%2Fwp%2Fv2%2Fcomments&post=1918"}],"version-history":[{"count":7,"href":"http:\/\/www.ffwschwebheim.de\/index.php?rest_route=\/wp\/v2\/pages\/1918\/revisions"}],"predecessor-version":[{"id":2851,"href":"http:\/\/www.ffwschwebheim.de\/index.php?rest_route=\/wp\/v2\/pages\/1918\/revisions\/2851"}],"wp:attachment":[{"href":"http:\/\/www.ffwschwebheim.de\/index.php?rest_route=%2Fwp%2Fv2%2Fmedia&parent=1918"}],"curies":[{"name":"wp","href":"https:\/\/api.w.org\/{rel}","templated":true}]}}