{"id":1776,"date":"2012-10-29T07:27:10","date_gmt":"2012-10-29T07:27:10","guid":{"rendered":"http:\/\/www.ffwschwebheim.de\/?page_id=1776"},"modified":"2026-04-07T19:59:00","modified_gmt":"2026-04-07T17:59:00","slug":"service","status":"publish","type":"page","link":"http:\/\/www.ffwschwebheim.de\/?page_id=1776","title":{"rendered":"Service"},"content":{"rendered":"\n<p><strong>Downloads<\/strong><\/p>\n\n\n\n<p>Wenn auch Sie Mitglied in der aktiven Wehr oder f\u00f6rderndes Mitglied im Feuerwehrverein werden wollen, so z\u00f6gern Sie nicht unsere <a title=\"Beitrittserkl\u00e4rung\" href=\"http:\/\/www.ffwschwebheim.de\/files\/Beitrittserklaerung.pdf\" target=\"_blank\" rel=\"noopener\">Beitrittserkl\u00e4rung<\/a> herunterzuladen und sie bei Kommandant, Vorstand oder bei der Gemeinde abzugeben.<\/p>\n\n\n\n<p>Der Kalender mit den \u00dcbungs- und Veranstaltungsterminen steht in elektronischer Form zur Verf\u00fcgung und kann nach <a title=\"Anleitung\" href=\"http:\/\/www.ffwschwebheim.de\/files\/AnleitungKalender.pdf\" target=\"_blank\" rel=\"noopener\">Anleitung <\/a>eingebunden und verwendet werden.<\/p>\n\n\n\n<p>F\u00fcr Mitglieder der Freiwilligen Feuerwehr Schwebheim oder f\u00fcr Personen, die der Feuerwehr nahestehen, besteht die M\u00f6glichkeit die R\u00e4umlichkeiten des Feuerwehrhauses f\u00fcr private, nicht-komerzielle Zwecke zu nutzen. Dazu ist die <a href=\"http:\/\/www.ffwschwebheim.de\/wp-content\/uploads\/2026\/04\/Nutzungsvereinbarung-FW-Schwebheim.-02.2026.pdf\" target=\"_blank\" rel=\"noreferrer noopener\">Nutzungsvereinbarung<\/a> ausgef\u00fcllt bei Kommandant oder Vorstand abzugeben. Im Anschluss an die Nutzung erfolgt eine Abnahme, gem\u00e4\u00df <a href=\"http:\/\/www.ffwschwebheim.de\/wp-content\/uploads\/2026\/04\/Abnahmeprotokoll-FW-Schwebheim-02.2026.pdf\" target=\"_blank\" rel=\"noreferrer noopener\">Abnahmeprotokoll<\/a>.<\/p>\n\n\n\n<p>Anl\u00e4sslich des 140-j\u00e4hrigen und 150-j\u00e4hrigen Jubil\u00e4ums der Freiwilligen Feuerwehr Schwebheim haben wir jeweils eine Festschrift<a title=\"Festschrift\" rel=\"noopener\" href=\"http:\/\/www.ffwschwebheim.de\/files\/Festschrift.pdf\" target=\"_blank\"> <\/a>erstellt, welche uns mit vielen Bildern und Texten anschaulich darstellt. Hier die beiden Festschriften: <\/p>\n\n\n\n<p><a href=\"http:\/\/www.ffwschwebheim.de\/files\/Festschrift.pdf\">Festschrift zum 140-j\u00e4hrigen Jubil\u00e4um<\/a><\/p>\n\n\n\n<p><a href=\"http:\/\/www.ffwschwebheim.de\/wp-content\/uploads\/2026\/04\/ffw-schwebheim-festschrift-01-250318-Freigabe.pdf\">Festschrift zum 150-j\u00e4hrigen Jubil\u00e4um<\/a><\/p>\n\n\n\n<p><a rel=\"noopener\" href=\"https:\/\/www.ffwschwebheim.de\/files\/Regelmaessige_Ueberpruefung_der_Fahrerlaubnis.pdf\" target=\"_blank\">Formblatt<\/a> f\u00fcr die &#8222;Regelm\u00e4\u00dfige \u00dcberpr\u00fcfung der g\u00fcltigen Fahrerlaubnis gem\u00e4\u00df Halterhaftpflicht&#8220;.<\/p>\n","protected":false},"excerpt":{"rendered":"<p>Downloads Wenn auch Sie Mitglied in der aktiven Wehr oder f\u00f6rderndes Mitglied im Feuerwehrverein werden wollen, so z\u00f6gern Sie nicht unsere Beitrittserkl\u00e4rung herunterzuladen und sie bei Kommandant, Vorstand oder bei der Gemeinde abzugeben. Der Kalender mit den \u00dcbungs- und Veranstaltungsterminen &hellip; <a href=\"http:\/\/www.ffwschwebheim.de\/?page_id=1776\">Weiterlesen <span class=\"meta-nav\">&rarr;<\/span><\/a><\/p>\n","protected":false},"author":1,"featured_media":0,"parent":0,"menu_order":0,"comment_status":"closed","ping_status":"open","template":"","meta":[],"_links":{"self":[{"href":"http:\/\/www.ffwschwebheim.de\/index.php?rest_route=\/wp\/v2\/pages\/1776"}],"collection":[{"href":"http:\/\/www.ffwschwebheim.de\/index.php?rest_route=\/wp\/v2\/pages"}],"about":[{"href":"http:\/\/www.ffwschwebheim.de\/index.php?rest_route=\/wp\/v2\/types\/page"}],"author":[{"embeddable":true,"href":"http:\/\/www.ffwschwebheim.de\/index.php?rest_route=\/wp\/v2\/users\/1"}],"replies":[{"embeddable":true,"href":"http:\/\/www.ffwschwebheim.de\/index.php?rest_route=%2Fwp%2Fv2%2Fcomments&post=1776"}],"version-history":[{"count":14,"href":"http:\/\/www.ffwschwebheim.de\/index.php?rest_route=\/wp\/v2\/pages\/1776\/revisions"}],"predecessor-version":[{"id":9722,"href":"http:\/\/www.ffwschwebheim.de\/index.php?rest_route=\/wp\/v2\/pages\/1776\/revisions\/9722"}],"wp:attachment":[{"href":"http:\/\/www.ffwschwebheim.de\/index.php?rest_route=%2Fwp%2Fv2%2Fmedia&parent=1776"}],"curies":[{"name":"wp","href":"https:\/\/api.w.org\/{rel}","templated":true}]}}